{"id":1324,"date":"2024-06-07T13:32:37","date_gmt":"2024-06-07T17:32:37","guid":{"rendered":"https:\/\/gloriacoach.com\/?page_id=1324"},"modified":"2024-06-27T11:32:35","modified_gmt":"2024-06-27T15:32:35","slug":"pour-vous","status":"publish","type":"page","link":"https:\/\/gloriacoach.com\/fr\/pour-vous\/","title":{"rendered":"Pour vous"},"content":{"rendered":"[et_pb_section fb_built=\u00a0\u00bb1&Prime; admin_label=\u00a0\u00bbHeader\u00a0\u00bb _builder_version=\u00a0\u00bb4.25.2&Prime; _module_preset=\u00a0\u00bbdefault\u00a0\u00bb background_color=\u00a0\u00bbgcid-8544a4e2-27b8-420a-83de-1cee04f2fb29&Prime; custom_padding=\u00a0\u00bb||20px||false|false\u00a0\u00bb locked=\u00a0\u00bboff\u00a0\u00bb collapsed=\u00a0\u00bbon\u00a0\u00bb global_colors_info=\u00a0\u00bb{%22gcid-8544a4e2-27b8-420a-83de-1cee04f2fb29%22:%91%22background_color%22%93}\u00a0\u00bb][et_pb_row _builder_version=\u00a0\u00bb4.25.1&Prime; _module_preset=\u00a0\u00bbdefault\u00a0\u00bb custom_padding=\u00a0\u00bb||||false|false\u00a0\u00bb border_width_bottom=\u00a0\u00bb2px\u00a0\u00bb border_color_bottom=\u00a0\u00bb#646059&Prime; global_colors_info=\u00a0\u00bb{%22gcid-fa3e187d-20a7-4c5a-962d-49a38117a4cc%22:%91%22border_color_all%22%93}\u00a0\u00bb][et_pb_column type=\u00a0\u00bb4_4&Prime; _builder_version=\u00a0\u00bb4.25.1&Prime; _module_preset=\u00a0\u00bbdefault\u00a0\u00bb global_colors_info=\u00a0\u00bb{}\u00a0\u00bb][et_pb_text _builder_version=\u00a0\u00bb4.25.2&Prime; _module_preset=\u00a0\u00bbdefault\u00a0\u00bb text_font=\u00a0\u00bbMontserrat|700||on|||||\u00a0\u00bb text_text_color=\u00a0\u00bb#B69B6C\u00a0\u00bb text_font_size=\u00a0\u00bb15px\u00a0\u00bb text_letter_spacing=\u00a0\u00bb2px\u00a0\u00bb custom_margin=\u00a0\u00bb||0px||false|false\u00a0\u00bb text_font_size_tablet=\u00a0\u00bb17px\u00a0\u00bb text_font_size_phone=\u00a0\u00bb14px\u00a0\u00bb text_font_size_last_edited=\u00a0\u00bbon|phone\u00a0\u00bb global_colors_info=\u00a0\u00bb{}\u00a0\u00bb]Pour vous[\/et_pb_text][et_pb_heading title=\u00a0\u00bbChez Gloria, nous savons que vous souhaitez r\u00e9ussir dans votre carri\u00e8re et vous occuper de votre sant\u00e9, sans avoir \u00e0 sacrifier l&rsquo;un pour l&rsquo;autre.\u00a0\u00bb _builder_version=\u00a0\u00bb4.25.2&Prime; _module_preset=\u00a0\u00bb_initial\u00a0\u00bb title_font=\u00a0\u00bbDM Serif Text||||||||\u00a0\u00bb title_font_size=\u00a0\u00bb51px\u00a0\u00bb title_letter_spacing=\u00a0\u00bb-0.02em\u00a0\u00bb custom_padding=\u00a0\u00bb20px||||false|false\u00a0\u00bb title_font_size_tablet=\u00a0\u00bb45px\u00a0\u00bb title_font_size_phone=\u00a0\u00bb31px\u00a0\u00bb title_font_size_last_edited=\u00a0\u00bbon|phone\u00a0\u00bb locked=\u00a0\u00bboff\u00a0\u00bb global_colors_info=\u00a0\u00bb{}\u00a0\u00bb][\/et_pb_heading][\/et_pb_column][\/et_pb_row][\/et_pb_section][et_pb_section fb_built=\u00a0\u00bb1&Prime; admin_label=\u00a0\u00bbContact\u00a0\u00bb _builder_version=\u00a0\u00bb4.25.1&Prime; _module_preset=\u00a0\u00bbdefault\u00a0\u00bb background_color=\u00a0\u00bbgcid-8544a4e2-27b8-420a-83de-1cee04f2fb29&Prime; custom_padding=\u00a0\u00bb10px||||false|false\u00a0\u00bb locked=\u00a0\u00bboff\u00a0\u00bb collapsed=\u00a0\u00bbon\u00a0\u00bb global_colors_info=\u00a0\u00bb{%22gcid-8544a4e2-27b8-420a-83de-1cee04f2fb29%22:%91%22background_color%22%93}\u00a0\u00bb][et_pb_row column_structure=\u00a0\u00bb1_2,1_2&Prime; _builder_version=\u00a0\u00bb4.25.1&Prime; _module_preset=\u00a0\u00bbdefault\u00a0\u00bb locked=\u00a0\u00bboff\u00a0\u00bb global_colors_info=\u00a0\u00bb{}\u00a0\u00bb][et_pb_column type=\u00a0\u00bb1_2&Prime; _builder_version=\u00a0\u00bb4.25.1&Prime; _module_preset=\u00a0\u00bbdefault\u00a0\u00bb global_colors_info=\u00a0\u00bb{}\u00a0\u00bb][et_pb_text _builder_version=\u00a0\u00bb4.25.2&Prime; _module_preset=\u00a0\u00bbdefault\u00a0\u00bb ul_font_size=\u00a0\u00bb18px\u00a0\u00bb ul_line_height=\u00a0\u00bb1.7em\u00a0\u00bb ul_font_size_tablet=\u00a0\u00bb17px\u00a0\u00bb ul_font_size_phone=\u00a0\u00bb16px\u00a0\u00bb ul_font_size_last_edited=\u00a0\u00bbon|phone\u00a0\u00bb global_colors_info=\u00a0\u00bb{}\u00a0\u00bb]\n<ul class=\"check\">\n<li>Imaginez vivre votre ambition d&rsquo;une mani\u00e8re qui vous convient parfaitement.<\/li>\n<li>Imaginez d\u00e9couvrir vos valeurs, d\u00e9velopper de nouvelles comp\u00e9tences et d\u00e9finir des objectifs pour \u00e9voluer en tant que leader.<\/li>\n<li>Imaginez renforcer vos limites entre vie professionnelle et personnelle.<\/li>\n<li>Imaginez un soutien pratique et confidentiel.<\/li>\n<\/ul>\n[\/et_pb_text][\/et_pb_column][et_pb_column type=\u00a0\u00bb1_2&Prime; _builder_version=\u00a0\u00bb4.25.1&Prime; _module_preset=\u00a0\u00bbdefault\u00a0\u00bb global_colors_info=\u00a0\u00bb{}\u00a0\u00bb][et_pb_image src=\u00a0\u00bbhttps:\/\/gloriacoach.com\/wp-content\/uploads\/2024\/06\/Womens-Career-Coach.jpeg\u00a0\u00bb _builder_version=\u00a0\u00bb4.25.2&Prime; _module_preset=\u00a0\u00bbdefault\u00a0\u00bb border_radii=\u00a0\u00bbon|55px|55px|55px|55px\u00a0\u00bb global_colors_info=\u00a0\u00bb{}\u00a0\u00bb][\/et_pb_image][\/et_pb_column][\/et_pb_row][\/et_pb_section][et_pb_section fb_built=\u00a0\u00bb1&Prime; _builder_version=\u00a0\u00bb4.25.1&Prime; _module_preset=\u00a0\u00bbdefault\u00a0\u00bb background_color=\u00a0\u00bb#6F91B6&Prime; global_colors_info=\u00a0\u00bb{}\u00a0\u00bb][et_pb_row _builder_version=\u00a0\u00bb4.25.1&Prime; _module_preset=\u00a0\u00bbdefault\u00a0\u00bb max_width=\u00a0\u00bb800px\u00a0\u00bb global_colors_info=\u00a0\u00bb{}\u00a0\u00bb][et_pb_column type=\u00a0\u00bb4_4&Prime; _builder_version=\u00a0\u00bb4.25.1&Prime; _module_preset=\u00a0\u00bbdefault\u00a0\u00bb global_colors_info=\u00a0\u00bb{}\u00a0\u00bb][et_pb_text _builder_version=\u00a0\u00bb4.25.2&Prime; _module_preset=\u00a0\u00bbdefault\u00a0\u00bb text_font_size=\u00a0\u00bb22px\u00a0\u00bb text_line_height=\u00a0\u00bb1.8em\u00a0\u00bb background_layout=\u00a0\u00bbdark\u00a0\u00bb text_font_size_tablet=\u00a0\u00bb20px\u00a0\u00bb text_font_size_phone=\u00a0\u00bb17px\u00a0\u00bb text_font_size_last_edited=\u00a0\u00bbon|phone\u00a0\u00bb global_colors_info=\u00a0\u00bb{}\u00a0\u00bb]Dans un contexte o\u00f9 vous vous sentez perdue, accabl\u00e9e et inqui\u00e8te en raison de probl\u00e8mes de sant\u00e9, l&rsquo;approche guid\u00e9e de votre coach vous aidera \u00e0 clarifier vos capacit\u00e9s de leadership, vos motivations et les \u00e9tapes pour atteindre vos objectifs.[\/et_pb_text][et_pb_button button_url=\u00a0\u00bb\/fr\/comment-gloria-peut-vous-aider\/\u00a0\u00bb button_text=\u00a0\u00bbComment Gloria peut vous aider\u00a0\u00bb button_alignment=\u00a0\u00bbcenter\u00a0\u00bb _builder_version=\u00a0\u00bb4.25.2&Prime; _module_preset=\u00a0\u00bbdefault\u00a0\u00bb custom_button=\u00a0\u00bbon\u00a0\u00bb button_text_color=\u00a0\u00bb#6F91B6&Prime; button_bg_color=\u00a0\u00bb#FFFFFF\u00a0\u00bb button_border_color=\u00a0\u00bb#FFFFFF\u00a0\u00bb hover_enabled=\u00a0\u00bb0&Prime; global_colors_info=\u00a0\u00bb{}\u00a0\u00bb button_border_color__hover_enabled=\u00a0\u00bbon|hover\u00a0\u00bb button_border_color__hover=\u00a0\u00bb#FFFFFF\u00a0\u00bb button_bg_color__hover_enabled=\u00a0\u00bbon|hover\u00a0\u00bb button_bg_color__hover=\u00a0\u00bb#FFFFFF\u00a0\u00bb button_bg_enable_color__hover=\u00a0\u00bbon\u00a0\u00bb sticky_enabled=\u00a0\u00bb0&Prime;][\/et_pb_button][\/et_pb_column][\/et_pb_row][\/et_pb_section]\n","protected":false},"excerpt":{"rendered":"<p>Pour vous Imaginez vivre votre ambition d&rsquo;une mani\u00e8re qui vous convient parfaitement. Imaginez d\u00e9couvrir vos valeurs, d\u00e9velopper de nouvelles comp\u00e9tences et d\u00e9finir des objectifs pour \u00e9voluer en tant que leader. Imaginez renforcer vos limites entre vie professionnelle et personnelle. Imaginez un soutien pratique et confidentiel. Dans un contexte o\u00f9 vous vous sentez perdue, accabl\u00e9e et [&hellip;]<\/p>\n","protected":false},"author":1,"featured_media":0,"parent":0,"menu_order":0,"comment_status":"closed","ping_status":"closed","template":"","meta":{"_et_pb_use_builder":"on","_et_pb_old_content":"[et_pb_section fb_built=\"1\" admin_label=\"Header\" _builder_version=\"4.25.2\" _module_preset=\"default\" background_color=\"gcid-8544a4e2-27b8-420a-83de-1cee04f2fb29\" hover_enabled=\"0\" locked=\"off\" collapsed=\"on\" global_colors_info=\"{%22gcid-8544a4e2-27b8-420a-83de-1cee04f2fb29%22:%91%22background_color%22%93}\" custom_padding=\"||20px||false|false\" sticky_enabled=\"0\"][et_pb_row _builder_version=\"4.25.1\" _module_preset=\"default\" custom_padding=\"||||false|false\" border_width_bottom=\"2px\" border_color_bottom=\"#646059\" global_colors_info=\"{%22gcid-fa3e187d-20a7-4c5a-962d-49a38117a4cc%22:%91%22border_color_all%22%93}\"][et_pb_column type=\"4_4\" _builder_version=\"4.25.1\" _module_preset=\"default\" global_colors_info=\"{}\"][et_pb_text _builder_version=\"4.25.1\" _module_preset=\"default\" text_font=\"Montserrat|700||on|||||\" text_text_color=\"#B69B6C\" text_font_size=\"15px\" text_letter_spacing=\"2px\" custom_margin=\"||0px||false|false\" text_font_size_tablet=\"17px\" text_font_size_phone=\"14px\" text_font_size_last_edited=\"on|phone\" global_colors_info=\"{}\"]Individuals[\/et_pb_text][et_pb_heading title=\"At Gloria, we know you want to thrive in your career and your health, without having to sacrifice one for the other. \" _builder_version=\"4.25.1\" _module_preset=\"_initial\" title_font=\"DM Serif Text||||||||\" title_font_size=\"65px\" title_letter_spacing=\"-0.02em\" custom_padding=\"20px||||false|false\" title_font_size_tablet=\"50px\" title_font_size_phone=\"34px\" title_font_size_last_edited=\"on|phone\" locked=\"off\" global_colors_info=\"{}\"][\/et_pb_heading][\/et_pb_column][\/et_pb_row][\/et_pb_section][et_pb_section fb_built=\"1\" admin_label=\"Contact\" _builder_version=\"4.25.1\" _module_preset=\"default\" background_color=\"gcid-8544a4e2-27b8-420a-83de-1cee04f2fb29\" custom_padding=\"10px||||false|false\" locked=\"off\" collapsed=\"on\" global_colors_info=\"{%22gcid-8544a4e2-27b8-420a-83de-1cee04f2fb29%22:%91%22background_color%22%93}\"][et_pb_row column_structure=\"1_2,1_2\" _builder_version=\"4.25.1\" _module_preset=\"default\" locked=\"off\" global_colors_info=\"{}\"][et_pb_column type=\"1_2\" _builder_version=\"4.25.1\" _module_preset=\"default\" global_colors_info=\"{}\"][et_pb_text _builder_version=\"4.25.2\" _module_preset=\"default\" ul_font_size=\"18px\" ul_line_height=\"1.7em\" ul_font_size_last_edited=\"on|phone\" hover_enabled=\"0\" sticky_enabled=\"0\" ul_font_size_phone=\"16px\" ul_font_size_tablet=\"17px\"]<ul class=\"check\">\r\n\t<li>Picture embracing your ambition in a way that feels right for you<\/li>\r\n\t<li>Picture uncovering values, discovering new skills, and setting goals to thrive as a leader<\/li>\r\n\t<li>Picture enhancing work-life boundaries<\/li>\r\n\t<li>Picture convenient and confidential support<\/li>\r\n<\/ul>[\/et_pb_text][\/et_pb_column][et_pb_column type=\"1_2\" _builder_version=\"4.25.1\" _module_preset=\"default\" global_colors_info=\"{}\"][et_pb_image src=\"https:\/\/gloriacoach.com\/wp-content\/uploads\/2024\/06\/Womens-Career-Coach.jpeg\" _builder_version=\"4.25.2\" _module_preset=\"default\" hover_enabled=\"0\" border_radii=\"on|55px|55px|55px|55px\" global_colors_info=\"{}\" alt=\"Confident business woman\" sticky_enabled=\"0\"][\/et_pb_image][\/et_pb_column][\/et_pb_row][\/et_pb_section][et_pb_section fb_built=\"1\" _builder_version=\"4.25.1\" _module_preset=\"default\" background_color=\"#6F91B6\" global_colors_info=\"{}\"][et_pb_row _builder_version=\"4.25.1\" _module_preset=\"default\" max_width=\"800px\" global_colors_info=\"{}\"][et_pb_column type=\"4_4\" _builder_version=\"4.25.1\" _module_preset=\"default\" global_colors_info=\"{}\"][et_pb_text _builder_version=\"4.25.1\" _module_preset=\"default\" text_font_size=\"22px\" text_line_height=\"1.8em\" background_layout=\"dark\" text_font_size_tablet=\"20px\" text_font_size_phone=\"17px\" text_font_size_last_edited=\"on|phone\" global_colors_info=\"{}\"]In a context where you might be feeling lost, overwhelmed and worried because of health challenges, your coach's guided approach will help you do the meaningful inner work that will allow you to have clarity about your leadership abilities, motivations, and steps to meet your goals. [\/et_pb_text][et_pb_button button_url=\"\/how-gloria-can-help\/\" button_text=\"How Gloria Can Help\" button_alignment=\"center\" _builder_version=\"4.25.2\" _module_preset=\"default\" custom_button=\"on\" button_text_color=\"#6F91B6\" button_bg_color=\"#FFFFFF\" button_border_color=\"#FFFFFF\" global_colors_info=\"{}\" button_border_color__hover_enabled=\"on|hover\" button_border_color__hover=\"#FFFFFF\" button_bg_color__hover_enabled=\"on|hover\" button_bg_color__hover=\"#FFFFFF\" button_bg_enable_color__hover=\"on\"][\/et_pb_button][\/et_pb_column][\/et_pb_row][\/et_pb_section]","_et_gb_content_width":"","om_disable_all_campaigns":false,"_monsterinsights_skip_tracking":false,"_monsterinsights_sitenote_active":false,"_monsterinsights_sitenote_note":"","_monsterinsights_sitenote_category":0,"footnotes":""},"class_list":["post-1324","page","type-page","status-publish","hentry"],"yoast_head":"<!-- This site is optimized with the Yoast SEO plugin v27.0 - https:\/\/yoast.com\/product\/yoast-seo-wordpress\/ -->\n<title>Pour vous - Gloria<\/title>\n<meta name=\"robots\" content=\"index, follow, max-snippet:-1, max-image-preview:large, max-video-preview:-1\" \/>\n<link rel=\"canonical\" href=\"https:\/\/gloriacoach.com\/fr\/pour-vous\/\" \/>\n<meta property=\"og:locale\" content=\"fr_FR\" \/>\n<meta property=\"og:type\" content=\"article\" \/>\n<meta property=\"og:title\" content=\"Pour vous - Gloria\" \/>\n<meta property=\"og:description\" content=\"Pour vous Imaginez vivre votre ambition d&#039;une mani\u00e8re qui vous convient parfaitement. Imaginez d\u00e9couvrir vos valeurs, d\u00e9velopper de nouvelles comp\u00e9tences et d\u00e9finir des objectifs pour \u00e9voluer en tant que leader. Imaginez renforcer vos limites entre vie professionnelle et personnelle. Imaginez un soutien pratique et confidentiel. Dans un contexte o\u00f9 vous vous sentez perdue, accabl\u00e9e et [&hellip;]\" \/>\n<meta property=\"og:url\" content=\"https:\/\/gloriacoach.com\/fr\/pour-vous\/\" \/>\n<meta property=\"og:site_name\" content=\"Gloria\" \/>\n<meta property=\"article:modified_time\" content=\"2024-06-27T15:32:35+00:00\" \/>\n<meta property=\"og:image\" content=\"https:\/\/gloriacoach.com\/wp-content\/uploads\/2024\/06\/cropped-icon-G.png\" \/>\n\t<meta property=\"og:image:width\" content=\"512\" \/>\n\t<meta property=\"og:image:height\" content=\"512\" \/>\n\t<meta property=\"og:image:type\" content=\"image\/png\" \/>\n<meta name=\"twitter:card\" content=\"summary_large_image\" \/>\n<meta name=\"twitter:label1\" content=\"Dur\u00e9e de lecture estim\u00e9e\" \/>\n\t<meta name=\"twitter:data1\" content=\"1 minute\" \/>\n<script type=\"application\/ld+json\" class=\"yoast-schema-graph\">{\"@context\":\"https:\/\/schema.org\",\"@graph\":[{\"@type\":\"WebPage\",\"@id\":\"https:\/\/gloriacoach.com\/fr\/pour-vous\/\",\"url\":\"https:\/\/gloriacoach.com\/fr\/pour-vous\/\",\"name\":\"Pour vous - Gloria\",\"isPartOf\":{\"@id\":\"https:\/\/gloriacoach.com\/fr\/#website\"},\"datePublished\":\"2024-06-07T17:32:37+00:00\",\"dateModified\":\"2024-06-27T15:32:35+00:00\",\"breadcrumb\":{\"@id\":\"https:\/\/gloriacoach.com\/fr\/pour-vous\/#breadcrumb\"},\"inLanguage\":\"fr-FR\",\"potentialAction\":[{\"@type\":\"ReadAction\",\"target\":[\"https:\/\/gloriacoach.com\/fr\/pour-vous\/\"]}]},{\"@type\":\"BreadcrumbList\",\"@id\":\"https:\/\/gloriacoach.com\/fr\/pour-vous\/#breadcrumb\",\"itemListElement\":[{\"@type\":\"ListItem\",\"position\":1,\"name\":\"Home\",\"item\":\"https:\/\/gloriacoach.com\/fr\/\"},{\"@type\":\"ListItem\",\"position\":2,\"name\":\"Pour vous\"}]},{\"@type\":\"WebSite\",\"@id\":\"https:\/\/gloriacoach.com\/fr\/#website\",\"url\":\"https:\/\/gloriacoach.com\/fr\/\",\"name\":\"Gloria\",\"description\":\"Coaching at the intersection of leadership and women\u2019s health\",\"publisher\":{\"@id\":\"https:\/\/gloriacoach.com\/fr\/#organization\"},\"potentialAction\":[{\"@type\":\"SearchAction\",\"target\":{\"@type\":\"EntryPoint\",\"urlTemplate\":\"https:\/\/gloriacoach.com\/fr\/?s={search_term_string}\"},\"query-input\":{\"@type\":\"PropertyValueSpecification\",\"valueRequired\":true,\"valueName\":\"search_term_string\"}}],\"inLanguage\":\"fr-FR\"},{\"@type\":\"Organization\",\"@id\":\"https:\/\/gloriacoach.com\/fr\/#organization\",\"name\":\"Gloria\",\"url\":\"https:\/\/gloriacoach.com\/fr\/\",\"logo\":{\"@type\":\"ImageObject\",\"inLanguage\":\"fr-FR\",\"@id\":\"https:\/\/gloriacoach.com\/fr\/#\/schema\/logo\/image\/\",\"url\":\"https:\/\/gloriacoach.com\/wp-content\/uploads\/2024\/06\/cropped-icon-G.png\",\"contentUrl\":\"https:\/\/gloriacoach.com\/wp-content\/uploads\/2024\/06\/cropped-icon-G.png\",\"width\":512,\"height\":512,\"caption\":\"Gloria\"},\"image\":{\"@id\":\"https:\/\/gloriacoach.com\/fr\/#\/schema\/logo\/image\/\"}}]}<\/script>\n<!-- \/ Yoast SEO plugin. -->","yoast_head_json":{"title":"Pour vous - Gloria","robots":{"index":"index","follow":"follow","max-snippet":"max-snippet:-1","max-image-preview":"max-image-preview:large","max-video-preview":"max-video-preview:-1"},"canonical":"https:\/\/gloriacoach.com\/fr\/pour-vous\/","og_locale":"fr_FR","og_type":"article","og_title":"Pour vous - Gloria","og_description":"Pour vous Imaginez vivre votre ambition d'une mani\u00e8re qui vous convient parfaitement. Imaginez d\u00e9couvrir vos valeurs, d\u00e9velopper de nouvelles comp\u00e9tences et d\u00e9finir des objectifs pour \u00e9voluer en tant que leader. Imaginez renforcer vos limites entre vie professionnelle et personnelle. Imaginez un soutien pratique et confidentiel. Dans un contexte o\u00f9 vous vous sentez perdue, accabl\u00e9e et [&hellip;]","og_url":"https:\/\/gloriacoach.com\/fr\/pour-vous\/","og_site_name":"Gloria","article_modified_time":"2024-06-27T15:32:35+00:00","og_image":[{"width":512,"height":512,"url":"https:\/\/gloriacoach.com\/wp-content\/uploads\/2024\/06\/cropped-icon-G.png","type":"image\/png"}],"twitter_card":"summary_large_image","twitter_misc":{"Dur\u00e9e de lecture estim\u00e9e":"1 minute"},"schema":{"@context":"https:\/\/schema.org","@graph":[{"@type":"WebPage","@id":"https:\/\/gloriacoach.com\/fr\/pour-vous\/","url":"https:\/\/gloriacoach.com\/fr\/pour-vous\/","name":"Pour vous - Gloria","isPartOf":{"@id":"https:\/\/gloriacoach.com\/fr\/#website"},"datePublished":"2024-06-07T17:32:37+00:00","dateModified":"2024-06-27T15:32:35+00:00","breadcrumb":{"@id":"https:\/\/gloriacoach.com\/fr\/pour-vous\/#breadcrumb"},"inLanguage":"fr-FR","potentialAction":[{"@type":"ReadAction","target":["https:\/\/gloriacoach.com\/fr\/pour-vous\/"]}]},{"@type":"BreadcrumbList","@id":"https:\/\/gloriacoach.com\/fr\/pour-vous\/#breadcrumb","itemListElement":[{"@type":"ListItem","position":1,"name":"Home","item":"https:\/\/gloriacoach.com\/fr\/"},{"@type":"ListItem","position":2,"name":"Pour vous"}]},{"@type":"WebSite","@id":"https:\/\/gloriacoach.com\/fr\/#website","url":"https:\/\/gloriacoach.com\/fr\/","name":"Gloria","description":"Coaching at the intersection of leadership and women\u2019s health","publisher":{"@id":"https:\/\/gloriacoach.com\/fr\/#organization"},"potentialAction":[{"@type":"SearchAction","target":{"@type":"EntryPoint","urlTemplate":"https:\/\/gloriacoach.com\/fr\/?s={search_term_string}"},"query-input":{"@type":"PropertyValueSpecification","valueRequired":true,"valueName":"search_term_string"}}],"inLanguage":"fr-FR"},{"@type":"Organization","@id":"https:\/\/gloriacoach.com\/fr\/#organization","name":"Gloria","url":"https:\/\/gloriacoach.com\/fr\/","logo":{"@type":"ImageObject","inLanguage":"fr-FR","@id":"https:\/\/gloriacoach.com\/fr\/#\/schema\/logo\/image\/","url":"https:\/\/gloriacoach.com\/wp-content\/uploads\/2024\/06\/cropped-icon-G.png","contentUrl":"https:\/\/gloriacoach.com\/wp-content\/uploads\/2024\/06\/cropped-icon-G.png","width":512,"height":512,"caption":"Gloria"},"image":{"@id":"https:\/\/gloriacoach.com\/fr\/#\/schema\/logo\/image\/"}}]}},"_links":{"self":[{"href":"https:\/\/gloriacoach.com\/fr\/wp-json\/wp\/v2\/pages\/1324","targetHints":{"allow":["GET"]}}],"collection":[{"href":"https:\/\/gloriacoach.com\/fr\/wp-json\/wp\/v2\/pages"}],"about":[{"href":"https:\/\/gloriacoach.com\/fr\/wp-json\/wp\/v2\/types\/page"}],"author":[{"embeddable":true,"href":"https:\/\/gloriacoach.com\/fr\/wp-json\/wp\/v2\/users\/1"}],"replies":[{"embeddable":true,"href":"https:\/\/gloriacoach.com\/fr\/wp-json\/wp\/v2\/comments?post=1324"}],"version-history":[{"count":5,"href":"https:\/\/gloriacoach.com\/fr\/wp-json\/wp\/v2\/pages\/1324\/revisions"}],"predecessor-version":[{"id":1594,"href":"https:\/\/gloriacoach.com\/fr\/wp-json\/wp\/v2\/pages\/1324\/revisions\/1594"}],"wp:attachment":[{"href":"https:\/\/gloriacoach.com\/fr\/wp-json\/wp\/v2\/media?parent=1324"}],"curies":[{"name":"wp","href":"https:\/\/api.w.org\/{rel}","templated":true}]}}