{"id":1579,"date":"2024-06-19T11:10:11","date_gmt":"2024-06-19T15:10:11","guid":{"rendered":"https:\/\/gloriacoach.com\/?page_id=1579"},"modified":"2026-02-27T16:58:44","modified_gmt":"2026-02-27T21:58:44","slug":"notre-equipe","status":"publish","type":"page","link":"https:\/\/gloriacoach.com\/fr\/notre-equipe\/","title":{"rendered":"Notre \u00e9quipe"},"content":{"rendered":"[et_pb_section fb_built=\u00a0\u00bb1&Prime; admin_label=\u00a0\u00bbHeader\u00a0\u00bb _builder_version=\u00a0\u00bb4.25.1&Prime; _module_preset=\u00a0\u00bbdefault\u00a0\u00bb background_color=\u00a0\u00bbgcid-8544a4e2-27b8-420a-83de-1cee04f2fb29&Prime; custom_padding=\u00a0\u00bb54px|||||\u00a0\u00bb locked=\u00a0\u00bboff\u00a0\u00bb collapsed=\u00a0\u00bboff\u00a0\u00bb global_colors_info=\u00a0\u00bb{%22gcid-8544a4e2-27b8-420a-83de-1cee04f2fb29%22:%91%22background_color%22%93}\u00a0\u00bb][et_pb_row _builder_version=\u00a0\u00bb4.27.4&Prime; _module_preset=\u00a0\u00bbdefault\u00a0\u00bb custom_margin=\u00a0\u00bb||20px||false|false\u00a0\u00bb custom_padding=\u00a0\u00bb||||false|false\u00a0\u00bb border_width_bottom=\u00a0\u00bb2px\u00a0\u00bb border_color_bottom=\u00a0\u00bb#646059&Prime; global_colors_info=\u00a0\u00bb{}\u00a0\u00bb][et_pb_column type=\u00a0\u00bb4_4&Prime; _builder_version=\u00a0\u00bb4.25.1&Prime; _module_preset=\u00a0\u00bbdefault\u00a0\u00bb global_colors_info=\u00a0\u00bb{}\u00a0\u00bb][et_pb_text _builder_version=\u00a0\u00bb4.27.4&Prime; _module_preset=\u00a0\u00bbdefault\u00a0\u00bb text_font=\u00a0\u00bbMontserrat|700||on|||||\u00a0\u00bb text_text_color=\u00a0\u00bb#B69B6C\u00a0\u00bb text_font_size=\u00a0\u00bb15px\u00a0\u00bb text_letter_spacing=\u00a0\u00bb2px\u00a0\u00bb custom_margin=\u00a0\u00bb||0px||false|false\u00a0\u00bb text_font_size_tablet=\u00a0\u00bb17px\u00a0\u00bb text_font_size_phone=\u00a0\u00bb14px\u00a0\u00bb text_font_size_last_edited=\u00a0\u00bbon|phone\u00a0\u00bb global_colors_info=\u00a0\u00bb{}\u00a0\u00bb]\u00c0 propos[\/et_pb_text][et_pb_heading title=\u00a0\u00bbNotre \u00e9quipe\u00a0\u00bb _builder_version=\u00a0\u00bb4.27.4&Prime; _module_preset=\u00a0\u00bb_initial\u00a0\u00bb title_font=\u00a0\u00bbDM Serif Text||||||||\u00a0\u00bb title_font_size=\u00a0\u00bb68px\u00a0\u00bb title_letter_spacing=\u00a0\u00bb-0.02em\u00a0\u00bb custom_padding=\u00a0\u00bb20px||||false|false\u00a0\u00bb title_font_size_tablet=\u00a0\u00bb45px\u00a0\u00bb title_font_size_phone=\u00a0\u00bb36px\u00a0\u00bb title_font_size_last_edited=\u00a0\u00bbon|phone\u00a0\u00bb locked=\u00a0\u00bboff\u00a0\u00bb global_colors_info=\u00a0\u00bb{}\u00a0\u00bb][\/et_pb_heading][\/et_pb_column][\/et_pb_row][et_pb_row column_structure=\u00a0\u00bb1_3,1_3,1_3&Prime; _builder_version=\u00a0\u00bb4.27.0&Prime; _module_preset=\u00a0\u00bbdefault\u00a0\u00bb global_colors_info=\u00a0\u00bb{}\u00a0\u00bb][et_pb_column type=\u00a0\u00bb1_3&Prime; _builder_version=\u00a0\u00bb4.25.2&Prime; _module_preset=\u00a0\u00bbdefault\u00a0\u00bb global_colors_info=\u00a0\u00bb{}\u00a0\u00bb][et_pb_blurb title=\u00a0\u00bbLaure Goubeau\u00a0\u00bb image=\u00a0\u00bbhttps:\/\/gloriacoach.com\/wp-content\/uploads\/2024\/06\/Laure.jpg\u00a0\u00bb alt=\u00a0\u00bbLaure Goubeau\u00a0\u00bb _builder_version=\u00a0\u00bb4.27.5&Prime; _dynamic_attributes=\u00a0\u00bblink_option_url\u00a0\u00bb _module_preset=\u00a0\u00bbdefault\u00a0\u00bb header_level=\u00a0\u00bbh3&Prime; header_font_size=\u00a0\u00bb22px\u00a0\u00bb body_text_color=\u00a0\u00bb#B69B6C\u00a0\u00bb image_icon_custom_margin=\u00a0\u00bb||-15px||false|false\u00a0\u00bb text_orientation=\u00a0\u00bbcenter\u00a0\u00bb animation=\u00a0\u00bboff\u00a0\u00bb link_option_url=\u00a0\u00bb@ET-DC@eyJkeW5hbWljIjp0cnVlLCJjb250ZW50IjoicG9zdF9saW5rX3VybF9wcm9qZWN0Iiwic2V0dGluZ3MiOnsicG9zdF9pZCI6IjE4OTMifX0=@\u00a0\u00bb hover_enabled=\u00a0\u00bb0&Prime; border_radii_image=\u00a0\u00bbon|20px|20px|20px|20px\u00a0\u00bb global_colors_info=\u00a0\u00bb{}\u00a0\u00bb filter_opacity__hover=\u00a0\u00bb75%\u00a0\u00bb filter_opacity__hover_enabled=\u00a0\u00bbon|hover\u00a0\u00bb sticky_enabled=\u00a0\u00bb0&Prime;]Fondatrice et coach[\/et_pb_blurb][\/et_pb_column][et_pb_column type=\u00a0\u00bb1_3&Prime; _builder_version=\u00a0\u00bb4.25.2&Prime; _module_preset=\u00a0\u00bbdefault\u00a0\u00bb global_colors_info=\u00a0\u00bb{}\u00a0\u00bb][et_pb_blurb title=\u00a0\u00bbFabienne Paye\u00a0\u00bb image=\u00a0\u00bbhttps:\/\/gloriacoach.com\/wp-content\/uploads\/2025\/01\/FPaye.png\u00a0\u00bb alt=\u00a0\u00bbFabienne\u00a0\u00bb _builder_version=\u00a0\u00bb4.27.4&Prime; _dynamic_attributes=\u00a0\u00bblink_option_url\u00a0\u00bb _module_preset=\u00a0\u00bbdefault\u00a0\u00bb header_level=\u00a0\u00bbh3&Prime; header_font_size=\u00a0\u00bb22px\u00a0\u00bb body_text_color=\u00a0\u00bb#B69B6C\u00a0\u00bb image_icon_custom_margin=\u00a0\u00bb||-15px||false|false\u00a0\u00bb text_orientation=\u00a0\u00bbcenter\u00a0\u00bb animation=\u00a0\u00bboff\u00a0\u00bb link_option_url=\u00a0\u00bb@ET-DC@eyJkeW5hbWljIjp0cnVlLCJjb250ZW50IjoicG9zdF9saW5rX3VybF9wcm9qZWN0Iiwic2V0dGluZ3MiOnsicG9zdF9pZCI6IjIyOTMifX0=@\u00a0\u00bb border_radii_image=\u00a0\u00bbon|20px|20px|20px|20px\u00a0\u00bb global_colors_info=\u00a0\u00bb{}\u00a0\u00bb filter_opacity__hover=\u00a0\u00bb75%\u00a0\u00bb filter_opacity__hover_enabled=\u00a0\u00bbon|hover\u00a0\u00bb]Consultante en strat\u00e9gie experte[\/et_pb_blurb][\/et_pb_column][et_pb_column type=\u00a0\u00bb1_3&Prime; _builder_version=\u00a0\u00bb4.25.2&Prime; _module_preset=\u00a0\u00bbdefault\u00a0\u00bb global_colors_info=\u00a0\u00bb{}\u00a0\u00bb][et_pb_blurb title=\u00a0\u00bbDre Pascale L. Denis\u00a0\u00bb image=\u00a0\u00bbhttps:\/\/gloriacoach.com\/wp-content\/uploads\/2026\/02\/Pascale.jpg\u00a0\u00bb alt=\u00a0\u00bbDre Pascale L. Denis\u00a0\u00bb _builder_version=\u00a0\u00bb4.27.5&Prime; _dynamic_attributes=\u00a0\u00bblink_option_url\u00a0\u00bb _module_preset=\u00a0\u00bbdefault\u00a0\u00bb header_level=\u00a0\u00bbh3&Prime; header_font_size=\u00a0\u00bb22px\u00a0\u00bb body_text_color=\u00a0\u00bb#B69B6C\u00a0\u00bb image_icon_custom_margin=\u00a0\u00bb||-15px||false|false\u00a0\u00bb text_orientation=\u00a0\u00bbcenter\u00a0\u00bb animation=\u00a0\u00bboff\u00a0\u00bb link_option_url=\u00a0\u00bb@ET-DC@eyJkeW5hbWljIjp0cnVlLCJjb250ZW50IjoicG9zdF9saW5rX3VybF9wcm9qZWN0Iiwic2V0dGluZ3MiOnsicG9zdF9pZCI6IjI5MTgifX0=@\u00a0\u00bb border_radii_image=\u00a0\u00bbon|20px|20px|20px|20px\u00a0\u00bb global_colors_info=\u00a0\u00bb{}\u00a0\u00bb filter_opacity__hover=\u00a0\u00bb75%\u00a0\u00bb filter_opacity__hover_enabled=\u00a0\u00bbon|hover\u00a0\u00bb]Psychologue du travail[\/et_pb_blurb][\/et_pb_column][\/et_pb_row][\/et_pb_section]\n","protected":false},"excerpt":{"rendered":"<p>\u00c0 proposFondatrice et coachConsultante en strat\u00e9gie expertePsychologue du travail<\/p>\n","protected":false},"author":1,"featured_media":0,"parent":0,"menu_order":0,"comment_status":"closed","ping_status":"closed","template":"","meta":{"_et_pb_use_builder":"on","_et_pb_old_content":"[et_pb_section fb_built=\"1\" admin_label=\"Header\" _builder_version=\"4.25.1\" _module_preset=\"default\" background_color=\"gcid-8544a4e2-27b8-420a-83de-1cee04f2fb29\" custom_padding=\"54px|||||\" locked=\"off\" collapsed=\"on\" global_colors_info=\"{%22gcid-8544a4e2-27b8-420a-83de-1cee04f2fb29%22:%91%22background_color%22%93}\"][et_pb_row _builder_version=\"4.25.2\" _module_preset=\"default\" custom_padding=\"||||false|false\" border_width_bottom=\"2px\" border_color_bottom=\"#646059\" global_colors_info=\"{}\"][et_pb_column type=\"4_4\" _builder_version=\"4.25.1\" _module_preset=\"default\" global_colors_info=\"{}\"][et_pb_text _builder_version=\"4.25.2\" _module_preset=\"default\" text_font=\"Montserrat|700||on|||||\" text_text_color=\"#B69B6C\" text_font_size=\"15px\" text_letter_spacing=\"2px\" custom_margin=\"||0px||false|false\" text_font_size_tablet=\"17px\" text_font_size_phone=\"14px\" text_font_size_last_edited=\"on|phone\" global_colors_info=\"{}\"]About[\/et_pb_text][et_pb_heading title=\"Our Coaches\" _builder_version=\"4.25.2\" _module_preset=\"_initial\" title_font=\"DM Serif Text||||||||\" title_font_size=\"68px\" title_letter_spacing=\"-0.02em\" custom_padding=\"20px||||false|false\" title_font_size_tablet=\"45px\" title_font_size_phone=\"36px\" title_font_size_last_edited=\"on|phone\" locked=\"off\" global_colors_info=\"{}\"][\/et_pb_heading][\/et_pb_column][\/et_pb_row][et_pb_row _builder_version=\"4.25.2\" _module_preset=\"default\" custom_padding=\"||||false|false\" global_colors_info=\"{}\"][et_pb_column type=\"4_4\" _builder_version=\"4.25.1\" _module_preset=\"default\" global_colors_info=\"{}\"][et_pb_text quote_border_color=\"#f2a094\" _builder_version=\"4.25.2\" _module_preset=\"_initial\" text_font_size=\"18px\" text_line_height=\"1.8em\" link_text_color=\"#f2a094\" quote_font=\"DM Serif Text||||||||\" quote_text_color=\"#164e4e\" quote_font_size=\"24px\" quote_line_height=\"1.4em\" header_font=\"DM Serif Text||||||||\" header_font_size=\"110px\" header_letter_spacing=\"-0.02em\" header_2_font=\"DM Serif Text||||||||\" header_2_font_size=\"56px\" header_2_line_height=\"1.2em\" header_3_font=\"DM Serif Text||||||||\" header_3_font_size=\"36px\" header_3_line_height=\"1.2em\" header_4_font=\"DM Serif Text||||||||\" header_4_font_size=\"24px\" header_4_line_height=\"1.3em\" header_5_font=\"Montserrat|700|||||||\" header_5_font_size=\"18px\" header_5_line_height=\"1.4em\" header_6_font=\"Montserrat|700|||||||\" header_6_font_size=\"16px\" header_6_line_height=\"1.4em\" text_font_size_tablet=\"15px\" text_font_size_phone=\"15px\" text_font_size_last_edited=\"on|desktop\" quote_font_size_tablet=\"18px\" quote_font_size_phone=\"16px\" quote_font_size_last_edited=\"on|phone\" header_font_size_tablet=\"40px\" header_font_size_phone=\"24px\" header_font_size_last_edited=\"on|desktop\" header_2_font_size_tablet=\"32px\" header_2_font_size_phone=\"20px\" header_2_font_size_last_edited=\"on|desktop\" header_3_font_size_tablet=\"24px\" header_3_font_size_phone=\"18px\" header_3_font_size_last_edited=\"on|phone\" header_4_font_size_tablet=\"20px\" header_4_font_size_phone=\"16px\" header_4_font_size_last_edited=\"on|phone\" header_5_font_size_tablet=\"16px\" header_5_font_size_phone=\"14px\" header_5_font_size_last_edited=\"on|phone\" header_6_font_size_tablet=\"15px\" header_6_font_size_phone=\"13px\" header_6_font_size_last_edited=\"on|desktop\" locked=\"off\" global_colors_info=\"{}\"]Gloria\u2019s leadership coaches are ICF members. They have met education and experience requirements, and have demonstrated a thorough understanding of the coaching competencies and ethical guidelines set by the ICF. They have rich professional experiences across industries and have lived their own women\u2019s health challenge story. They\u2019ve also received training from us.[\/et_pb_text][\/et_pb_column][\/et_pb_row][et_pb_row column_structure=\"1_4,1_4,1_4,1_4\" _builder_version=\"4.25.2\" _module_preset=\"default\" global_colors_info=\"{}\"][et_pb_column type=\"1_4\" _builder_version=\"4.25.2\" _module_preset=\"default\" global_colors_info=\"{}\"][et_pb_blurb title=\"Laure Goubau\" image=\"https:\/\/gloriacoach.com\/wp-content\/uploads\/2024\/06\/Laure.jpg\" alt=\"Laure Goubau\" _builder_version=\"4.25.2\" _module_preset=\"default\" header_level=\"h3\" header_font_size=\"22px\" image_icon_custom_margin=\"||-15px||false|false\" text_orientation=\"center\" animation=\"off\" link_option_url=\"\/coach\/laure-goubau\/\" border_radii_image=\"on|20px|20px|20px|20px\" global_colors_info=\"{}\" filter_opacity__hover_enabled=\"on|hover\" filter_opacity__hover=\"75%\"][\/et_pb_blurb][\/et_pb_column][et_pb_column type=\"1_4\" _builder_version=\"4.25.2\" _module_preset=\"default\" global_colors_info=\"{}\"][et_pb_blurb title=\"Sheizana Murji\" image=\"https:\/\/gloriacoach.com\/wp-content\/uploads\/2024\/06\/Sheizana.jpg\" alt=\"Laure Goubau\" _builder_version=\"4.25.2\" _module_preset=\"default\" header_level=\"h3\" header_font_size=\"22px\" image_icon_custom_margin=\"||-15px||false|false\" text_orientation=\"center\" animation=\"off\" link_option_url=\"\/coach\/sheizana-murji\/\" border_radii_image=\"on|20px|20px|20px|20px\" global_colors_info=\"{}\" filter_opacity__hover=\"75%\" filter_opacity__hover_enabled=\"on|hover\"][\/et_pb_blurb][\/et_pb_column][et_pb_column type=\"1_4\" _builder_version=\"4.25.2\" _module_preset=\"default\" global_colors_info=\"{}\"][et_pb_blurb title=\"Carol-Anne Reid\" image=\"https:\/\/gloriacoach.com\/wp-content\/uploads\/2024\/06\/Carol-Anne.jpg\" alt=\"Laure Goubau\" _builder_version=\"4.25.2\" _module_preset=\"default\" header_level=\"h3\" header_font_size=\"22px\" image_icon_custom_margin=\"||-15px||false|false\" text_orientation=\"center\" animation=\"off\" link_option_url=\"\/coach\/carol-anne-reid\/\" border_radii_image=\"on|20px|20px|20px|20px\" global_colors_info=\"{}\" filter_opacity__hover=\"75%\" filter_opacity__hover_enabled=\"on|hover\"][\/et_pb_blurb][\/et_pb_column][et_pb_column type=\"1_4\" _builder_version=\"4.25.2\" _module_preset=\"default\" global_colors_info=\"{}\"][et_pb_blurb title=\"Liz de Villers-Seeley\" image=\"https:\/\/gloriacoach.com\/wp-content\/uploads\/2024\/06\/Liz.jpg\" alt=\"Liz\" _builder_version=\"4.25.2\" _module_preset=\"default\" header_level=\"h3\" header_font_size=\"22px\" image_icon_custom_margin=\"||-15px||false|false\" text_orientation=\"center\" animation=\"off\" link_option_url=\"\/coach\/liz-de-villers-seeley\/\" hover_enabled=\"0\" border_radii_image=\"on|20px|20px|20px|20px\" global_colors_info=\"{}\" filter_opacity__hover=\"75%\" filter_opacity__hover_enabled=\"on|hover\" sticky_enabled=\"0\"][\/et_pb_blurb][\/et_pb_column][\/et_pb_row][\/et_pb_section]","_et_gb_content_width":"","om_disable_all_campaigns":false,"_monsterinsights_skip_tracking":false,"_monsterinsights_sitenote_active":false,"_monsterinsights_sitenote_note":"","_monsterinsights_sitenote_category":0,"footnotes":""},"class_list":["post-1579","page","type-page","status-publish","hentry"],"yoast_head":"<!-- This site is optimized with the Yoast SEO plugin v27.0 - https:\/\/yoast.com\/product\/yoast-seo-wordpress\/ -->\n<title>Notre \u00e9quipe - Gloria<\/title>\n<meta name=\"robots\" content=\"index, follow, max-snippet:-1, max-image-preview:large, max-video-preview:-1\" \/>\n<link rel=\"canonical\" href=\"https:\/\/gloriacoach.com\/fr\/notre-equipe\/\" \/>\n<meta property=\"og:locale\" content=\"fr_FR\" \/>\n<meta property=\"og:type\" content=\"article\" \/>\n<meta property=\"og:title\" content=\"Notre \u00e9quipe - Gloria\" \/>\n<meta property=\"og:description\" content=\"\u00c0 proposFondatrice et coachConsultante en strat\u00e9gie expertePsychologue du travail\" \/>\n<meta property=\"og:url\" content=\"https:\/\/gloriacoach.com\/fr\/notre-equipe\/\" \/>\n<meta property=\"og:site_name\" content=\"Gloria\" \/>\n<meta property=\"article:modified_time\" content=\"2026-02-27T21:58:44+00:00\" \/>\n<meta property=\"og:image\" content=\"https:\/\/gloriacoach.com\/wp-content\/uploads\/2024\/06\/cropped-icon-G.png\" \/>\n\t<meta property=\"og:image:width\" content=\"512\" \/>\n\t<meta property=\"og:image:height\" content=\"512\" \/>\n\t<meta property=\"og:image:type\" content=\"image\/png\" \/>\n<meta name=\"twitter:card\" content=\"summary_large_image\" \/>\n<meta name=\"twitter:label1\" content=\"Dur\u00e9e de lecture estim\u00e9e\" \/>\n\t<meta name=\"twitter:data1\" content=\"2 minutes\" \/>\n<script type=\"application\/ld+json\" class=\"yoast-schema-graph\">{\"@context\":\"https:\/\/schema.org\",\"@graph\":[{\"@type\":\"WebPage\",\"@id\":\"https:\/\/gloriacoach.com\/fr\/notre-equipe\/\",\"url\":\"https:\/\/gloriacoach.com\/fr\/notre-equipe\/\",\"name\":\"Notre \u00e9quipe - Gloria\",\"isPartOf\":{\"@id\":\"https:\/\/gloriacoach.com\/fr\/#website\"},\"datePublished\":\"2024-06-19T15:10:11+00:00\",\"dateModified\":\"2026-02-27T21:58:44+00:00\",\"breadcrumb\":{\"@id\":\"https:\/\/gloriacoach.com\/fr\/notre-equipe\/#breadcrumb\"},\"inLanguage\":\"fr-FR\",\"potentialAction\":[{\"@type\":\"ReadAction\",\"target\":[\"https:\/\/gloriacoach.com\/fr\/notre-equipe\/\"]}]},{\"@type\":\"BreadcrumbList\",\"@id\":\"https:\/\/gloriacoach.com\/fr\/notre-equipe\/#breadcrumb\",\"itemListElement\":[{\"@type\":\"ListItem\",\"position\":1,\"name\":\"Home\",\"item\":\"https:\/\/gloriacoach.com\/fr\/\"},{\"@type\":\"ListItem\",\"position\":2,\"name\":\"Notre \u00e9quipe\"}]},{\"@type\":\"WebSite\",\"@id\":\"https:\/\/gloriacoach.com\/fr\/#website\",\"url\":\"https:\/\/gloriacoach.com\/fr\/\",\"name\":\"Gloria\",\"description\":\"Coaching at the intersection of leadership and women\u2019s health\",\"publisher\":{\"@id\":\"https:\/\/gloriacoach.com\/fr\/#organization\"},\"potentialAction\":[{\"@type\":\"SearchAction\",\"target\":{\"@type\":\"EntryPoint\",\"urlTemplate\":\"https:\/\/gloriacoach.com\/fr\/?s={search_term_string}\"},\"query-input\":{\"@type\":\"PropertyValueSpecification\",\"valueRequired\":true,\"valueName\":\"search_term_string\"}}],\"inLanguage\":\"fr-FR\"},{\"@type\":\"Organization\",\"@id\":\"https:\/\/gloriacoach.com\/fr\/#organization\",\"name\":\"Gloria\",\"url\":\"https:\/\/gloriacoach.com\/fr\/\",\"logo\":{\"@type\":\"ImageObject\",\"inLanguage\":\"fr-FR\",\"@id\":\"https:\/\/gloriacoach.com\/fr\/#\/schema\/logo\/image\/\",\"url\":\"https:\/\/gloriacoach.com\/wp-content\/uploads\/2024\/06\/cropped-icon-G.png\",\"contentUrl\":\"https:\/\/gloriacoach.com\/wp-content\/uploads\/2024\/06\/cropped-icon-G.png\",\"width\":512,\"height\":512,\"caption\":\"Gloria\"},\"image\":{\"@id\":\"https:\/\/gloriacoach.com\/fr\/#\/schema\/logo\/image\/\"}}]}<\/script>\n<!-- \/ Yoast SEO plugin. -->","yoast_head_json":{"title":"Notre \u00e9quipe - Gloria","robots":{"index":"index","follow":"follow","max-snippet":"max-snippet:-1","max-image-preview":"max-image-preview:large","max-video-preview":"max-video-preview:-1"},"canonical":"https:\/\/gloriacoach.com\/fr\/notre-equipe\/","og_locale":"fr_FR","og_type":"article","og_title":"Notre \u00e9quipe - Gloria","og_description":"\u00c0 proposFondatrice et coachConsultante en strat\u00e9gie expertePsychologue du travail","og_url":"https:\/\/gloriacoach.com\/fr\/notre-equipe\/","og_site_name":"Gloria","article_modified_time":"2026-02-27T21:58:44+00:00","og_image":[{"width":512,"height":512,"url":"https:\/\/gloriacoach.com\/wp-content\/uploads\/2024\/06\/cropped-icon-G.png","type":"image\/png"}],"twitter_card":"summary_large_image","twitter_misc":{"Dur\u00e9e de lecture estim\u00e9e":"2 minutes"},"schema":{"@context":"https:\/\/schema.org","@graph":[{"@type":"WebPage","@id":"https:\/\/gloriacoach.com\/fr\/notre-equipe\/","url":"https:\/\/gloriacoach.com\/fr\/notre-equipe\/","name":"Notre \u00e9quipe - Gloria","isPartOf":{"@id":"https:\/\/gloriacoach.com\/fr\/#website"},"datePublished":"2024-06-19T15:10:11+00:00","dateModified":"2026-02-27T21:58:44+00:00","breadcrumb":{"@id":"https:\/\/gloriacoach.com\/fr\/notre-equipe\/#breadcrumb"},"inLanguage":"fr-FR","potentialAction":[{"@type":"ReadAction","target":["https:\/\/gloriacoach.com\/fr\/notre-equipe\/"]}]},{"@type":"BreadcrumbList","@id":"https:\/\/gloriacoach.com\/fr\/notre-equipe\/#breadcrumb","itemListElement":[{"@type":"ListItem","position":1,"name":"Home","item":"https:\/\/gloriacoach.com\/fr\/"},{"@type":"ListItem","position":2,"name":"Notre \u00e9quipe"}]},{"@type":"WebSite","@id":"https:\/\/gloriacoach.com\/fr\/#website","url":"https:\/\/gloriacoach.com\/fr\/","name":"Gloria","description":"Coaching at the intersection of leadership and women\u2019s health","publisher":{"@id":"https:\/\/gloriacoach.com\/fr\/#organization"},"potentialAction":[{"@type":"SearchAction","target":{"@type":"EntryPoint","urlTemplate":"https:\/\/gloriacoach.com\/fr\/?s={search_term_string}"},"query-input":{"@type":"PropertyValueSpecification","valueRequired":true,"valueName":"search_term_string"}}],"inLanguage":"fr-FR"},{"@type":"Organization","@id":"https:\/\/gloriacoach.com\/fr\/#organization","name":"Gloria","url":"https:\/\/gloriacoach.com\/fr\/","logo":{"@type":"ImageObject","inLanguage":"fr-FR","@id":"https:\/\/gloriacoach.com\/fr\/#\/schema\/logo\/image\/","url":"https:\/\/gloriacoach.com\/wp-content\/uploads\/2024\/06\/cropped-icon-G.png","contentUrl":"https:\/\/gloriacoach.com\/wp-content\/uploads\/2024\/06\/cropped-icon-G.png","width":512,"height":512,"caption":"Gloria"},"image":{"@id":"https:\/\/gloriacoach.com\/fr\/#\/schema\/logo\/image\/"}}]}},"_links":{"self":[{"href":"https:\/\/gloriacoach.com\/fr\/wp-json\/wp\/v2\/pages\/1579","targetHints":{"allow":["GET"]}}],"collection":[{"href":"https:\/\/gloriacoach.com\/fr\/wp-json\/wp\/v2\/pages"}],"about":[{"href":"https:\/\/gloriacoach.com\/fr\/wp-json\/wp\/v2\/types\/page"}],"author":[{"embeddable":true,"href":"https:\/\/gloriacoach.com\/fr\/wp-json\/wp\/v2\/users\/1"}],"replies":[{"embeddable":true,"href":"https:\/\/gloriacoach.com\/fr\/wp-json\/wp\/v2\/comments?post=1579"}],"version-history":[{"count":6,"href":"https:\/\/gloriacoach.com\/fr\/wp-json\/wp\/v2\/pages\/1579\/revisions"}],"predecessor-version":[{"id":3070,"href":"https:\/\/gloriacoach.com\/fr\/wp-json\/wp\/v2\/pages\/1579\/revisions\/3070"}],"wp:attachment":[{"href":"https:\/\/gloriacoach.com\/fr\/wp-json\/wp\/v2\/media?parent=1579"}],"curies":[{"name":"wp","href":"https:\/\/api.w.org\/{rel}","templated":true}]}}