{"id":2202,"date":"2024-12-19T13:17:38","date_gmt":"2024-12-19T18:17:38","guid":{"rendered":"https:\/\/gloriacoach.com\/our-services\/"},"modified":"2025-01-10T13:02:08","modified_gmt":"2025-01-10T18:02:08","slug":"nos-services","status":"publish","type":"page","link":"https:\/\/gloriacoach.com\/fr\/nos-services\/","title":{"rendered":"Nos Services"},"content":{"rendered":"[et_pb_section fb_built=\u00a0\u00bb1&Prime; admin_label=\u00a0\u00bbContact\u00a0\u00bb _builder_version=\u00a0\u00bb4.25.2&Prime; _module_preset=\u00a0\u00bbdefault\u00a0\u00bb background_color=\u00a0\u00bbgcid-8544a4e2-27b8-420a-83de-1cee04f2fb29&Prime; locked=\u00a0\u00bboff\u00a0\u00bb collapsed=\u00a0\u00bboff\u00a0\u00bb global_colors_info=\u00a0\u00bb{%22gcid-8544a4e2-27b8-420a-83de-1cee04f2fb29%22:%91%22background_color%22%93}\u00a0\u00bb][et_pb_row column_structure=\u00a0\u00bb3_5,2_5&Prime; _builder_version=\u00a0\u00bb4.25.2&Prime; _module_preset=\u00a0\u00bbdefault\u00a0\u00bb custom_margin=\u00a0\u00bb||20px||false|false\u00a0\u00bb custom_padding=\u00a0\u00bb||||false|false\u00a0\u00bb global_colors_info=\u00a0\u00bb{%22gcid-fa3e187d-20a7-4c5a-962d-49a38117a4cc%22:%91%22border_color_all%22%93}\u00a0\u00bb][et_pb_column type=\u00a0\u00bb3_5&Prime; _builder_version=\u00a0\u00bb4.25.1&Prime; _module_preset=\u00a0\u00bbdefault\u00a0\u00bb global_colors_info=\u00a0\u00bb{}\u00a0\u00bb][et_pb_text disabled_on=\u00a0\u00bbon|on|on\u00a0\u00bb _builder_version=\u00a0\u00bb4.27.4&Prime; _module_preset=\u00a0\u00bbdefault\u00a0\u00bb text_font=\u00a0\u00bbMontserrat|700||on|||||\u00a0\u00bb text_text_color=\u00a0\u00bb#B69B6C\u00a0\u00bb text_font_size=\u00a0\u00bb15px\u00a0\u00bb text_letter_spacing=\u00a0\u00bb2px\u00a0\u00bb custom_margin=\u00a0\u00bb||0px||false|false\u00a0\u00bb text_font_size_tablet=\u00a0\u00bb17px\u00a0\u00bb text_font_size_phone=\u00a0\u00bb14px\u00a0\u00bb text_font_size_last_edited=\u00a0\u00bbon|phone\u00a0\u00bb disabled=\u00a0\u00bbon\u00a0\u00bb global_colors_info=\u00a0\u00bb{}\u00a0\u00bb]Nos Programmes[\/et_pb_text][et_pb_heading title=\u00a0\u00bbNos Services\u00a0\u00bb _builder_version=\u00a0\u00bb4.27.4&Prime; _module_preset=\u00a0\u00bb_initial\u00a0\u00bb title_font=\u00a0\u00bbDM Serif Text||||||||\u00a0\u00bb title_font_size=\u00a0\u00bb65px\u00a0\u00bb title_letter_spacing=\u00a0\u00bb-0.02em\u00a0\u00bb custom_margin=\u00a0\u00bb||10px||false|false\u00a0\u00bb custom_padding=\u00a0\u00bb20px||||false|false\u00a0\u00bb title_font_size_tablet=\u00a0\u00bb50px\u00a0\u00bb title_font_size_phone=\u00a0\u00bb34px\u00a0\u00bb title_font_size_last_edited=\u00a0\u00bbon|phone\u00a0\u00bb locked=\u00a0\u00bboff\u00a0\u00bb global_colors_info=\u00a0\u00bb{}\u00a0\u00bb][\/et_pb_heading][et_pb_text _builder_version=\u00a0\u00bb4.27.4&Prime; _module_preset=\u00a0\u00bb_initial\u00a0\u00bb ul_line_height=\u00a0\u00bb1.7em\u00a0\u00bb global_colors_info=\u00a0\u00bb{}\u00a0\u00bb]\n<p>Pourquoi offrir du coaching et des ateliers li\u00e9s \u00e0 la sant\u00e9 des femmes ?<\/p>\n<p>La sant\u00e9 des femmes au travail devient un sujet de plus en plus crucial, alors que nous commen\u00e7ons tout juste \u00e0 combler les \u00e9carts en mati\u00e8re de sant\u00e9 f\u00e9minine et que nous continuons \u00e0 viser la parit\u00e9 en leadership.<\/p>\n<p><strong>Dans un sondage Gloria men\u00e9 en juin 2024 :<\/strong><\/p>\n[\/et_pb_text][et_pb_text _builder_version=\u00a0\u00bb4.27.4&Prime; _module_preset=\u00a0\u00bb_initial\u00a0\u00bb ul_line_height=\u00a0\u00bb1.7em\u00a0\u00bb global_colors_info=\u00a0\u00bb{}\u00a0\u00bb]\n<ul>\n<li><strong>52,2 % des r\u00e9pondantes<\/strong> ont indiqu\u00e9 que des services de soutien offerts par l\u2019employeur pour aider \u00e0 g\u00e9rer les cons\u00e9quences des d\u00e9fis li\u00e9s \u00e0 la sant\u00e9 des femmes contribueraient fortement \u00e0 l\u2019\u00e9galit\u00e9 des genres et \u00e0 l\u2019inclusivit\u00e9 globale.<\/li>\n<li><strong>56,5 % des r\u00e9pondantes<\/strong> ont r\u00e9pondu qu\u2019il \u00e9tait tr\u00e8s important pour elles que leur employeur propose activement des services de soutien pour att\u00e9nuer les impacts n\u00e9gatifs des probl\u00e8mes de sant\u00e9 des femmes sur leur travail.<\/li>\n<\/ul>\n[\/et_pb_text][\/et_pb_column][et_pb_column type=\u00a0\u00bb2_5&Prime; _builder_version=\u00a0\u00bb4.25.1&Prime; _module_preset=\u00a0\u00bbdefault\u00a0\u00bb global_colors_info=\u00a0\u00bb{}\u00a0\u00bb][et_pb_divider show_divider=\u00a0\u00bboff\u00a0\u00bb _builder_version=\u00a0\u00bb4.25.1&Prime; _module_preset=\u00a0\u00bbdefault\u00a0\u00bb background_color=\u00a0\u00bbgcid-bcc99e3b-722a-4dba-85e5-49c6d1592562&Prime; positioning=\u00a0\u00bbabsolute\u00a0\u00bb position_origin_a=\u00a0\u00bbtop_right\u00a0\u00bb horizontal_offset_tablet=\u00a0\u00bb125px\u00a0\u00bb horizontal_offset_phone=\u00a0\u00bb20px\u00a0\u00bb horizontal_offset_last_edited=\u00a0\u00bbon|phone\u00a0\u00bb width=\u00a0\u00bb90px\u00a0\u00bb width_tablet=\u00a0\u00bb90px\u00a0\u00bb width_phone=\u00a0\u00bb60px\u00a0\u00bb width_last_edited=\u00a0\u00bbon|desktop\u00a0\u00bb height=\u00a0\u00bb90px\u00a0\u00bb height_tablet=\u00a0\u00bb90px\u00a0\u00bb height_phone=\u00a0\u00bb60px\u00a0\u00bb height_last_edited=\u00a0\u00bbon|desktop\u00a0\u00bb border_radii=\u00a0\u00bbon|500px|500px|500px|500px\u00a0\u00bb global_colors_info=\u00a0\u00bb{%22gcid-bcc99e3b-722a-4dba-85e5-49c6d1592562%22:%91%22background_color%22,%22background_color%22,%22background_color%22%93}\u00a0\u00bb][\/et_pb_divider][et_pb_image src=\u00a0\u00bbhttps:\/\/gloriacoach.com\/wp-content\/uploads\/2025\/01\/Women-Leadership-Workshops-1-scaled.jpg\u00a0\u00bb alt=\u00a0\u00bbAteliers de leadership pour femmes\u00a0\u00bb title_text=\u00a0\u00bbICF-Trained-Coaches\u00a0\u00bb _builder_version=\u00a0\u00bb4.27.4&Prime; _module_preset=\u00a0\u00bbdefault\u00a0\u00bb max_width_tablet=\u00a0\u00bb400px\u00a0\u00bb max_width_phone=\u00a0\u00bb400px\u00a0\u00bb max_width_last_edited=\u00a0\u00bbon|tablet\u00a0\u00bb module_alignment_tablet=\u00a0\u00bbcenter\u00a0\u00bb module_alignment_phone=\u00a0\u00bbcenter\u00a0\u00bb module_alignment_last_edited=\u00a0\u00bbon|tablet\u00a0\u00bb border_radii=\u00a0\u00bbon|180px|180px|180px|180px\u00a0\u00bb global_colors_info=\u00a0\u00bb{}\u00a0\u00bb width__hover_enabled=\u00a0\u00bboff|desktop\u00a0\u00bb][\/et_pb_image][\/et_pb_column][\/et_pb_row][et_pb_row column_structure=\u00a0\u00bb1_2,1_2&Prime; _builder_version=\u00a0\u00bb4.27.4&Prime; _module_preset=\u00a0\u00bbdefault\u00a0\u00bb global_colors_info=\u00a0\u00bb{}\u00a0\u00bb][et_pb_column type=\u00a0\u00bb1_2&Prime; _builder_version=\u00a0\u00bb4.27.4&Prime; _module_preset=\u00a0\u00bbdefault\u00a0\u00bb global_colors_info=\u00a0\u00bb{}\u00a0\u00bb][et_pb_cta title=\u00a0\u00bbProgrammes de Coaching\u00a0\u00bb button_url=\u00a0\u00bb\/fr\/nos-programmes\/\u00a0\u00bb button_text=\u00a0\u00bbEn savoir plus\u00a0\u00bb _builder_version=\u00a0\u00bb4.27.4&Prime; _module_preset=\u00a0\u00bbdefault\u00a0\u00bb header_font_size=\u00a0\u00bb31px\u00a0\u00bb body_font_size=\u00a0\u00bb18px\u00a0\u00bb body_line_height=\u00a0\u00bb1.6em\u00a0\u00bb background_color=\u00a0\u00bbrgba(182,155,108,0.09)\u00a0\u00bb background_layout=\u00a0\u00bblight\u00a0\u00bb custom_padding=\u00a0\u00bb60px||60px||true|false\u00a0\u00bb header_font_size_tablet=\u00a0\u00bb32px\u00a0\u00bb header_font_size_phone=\u00a0\u00bb26px\u00a0\u00bb header_font_size_last_edited=\u00a0\u00bbon|desktop\u00a0\u00bb body_font_size_tablet=\u00a0\u00bb18px\u00a0\u00bb body_font_size_phone=\u00a0\u00bb16px\u00a0\u00bb body_font_size_last_edited=\u00a0\u00bbon|tablet\u00a0\u00bb border_radii=\u00a0\u00bbon|20px|20px|20px|20px\u00a0\u00bb global_colors_info=\u00a0\u00bb{}\u00a0\u00bb][\/et_pb_cta][\/et_pb_column][et_pb_column type=\u00a0\u00bb1_2&Prime; _builder_version=\u00a0\u00bb4.27.4&Prime; _module_preset=\u00a0\u00bbdefault\u00a0\u00bb global_colors_info=\u00a0\u00bb{}\u00a0\u00bb][et_pb_cta title=\u00a0\u00bbAteliers\u00a0\u00bb button_url=\u00a0\u00bb\/fr\/nos-ateliers\/\u00a0\u00bb button_text=\u00a0\u00bbEn savoir plus\u00a0\u00bb _builder_version=\u00a0\u00bb4.27.4&Prime; _module_preset=\u00a0\u00bbdefault\u00a0\u00bb header_font_size=\u00a0\u00bb31px\u00a0\u00bb body_font_size=\u00a0\u00bb18px\u00a0\u00bb body_line_height=\u00a0\u00bb1.6em\u00a0\u00bb background_color=\u00a0\u00bbrgba(182,155,108,0.09)\u00a0\u00bb background_layout=\u00a0\u00bblight\u00a0\u00bb custom_padding=\u00a0\u00bb60px||60px||true|false\u00a0\u00bb hover_enabled=\u00a0\u00bb0&Prime; header_font_size_tablet=\u00a0\u00bb32px\u00a0\u00bb header_font_size_phone=\u00a0\u00bb26px\u00a0\u00bb header_font_size_last_edited=\u00a0\u00bbon|desktop\u00a0\u00bb body_font_size_tablet=\u00a0\u00bb18px\u00a0\u00bb body_font_size_phone=\u00a0\u00bb16px\u00a0\u00bb body_font_size_last_edited=\u00a0\u00bbon|tablet\u00a0\u00bb border_radii=\u00a0\u00bbon|20px|20px|20px|20px\u00a0\u00bb global_colors_info=\u00a0\u00bb{}\u00a0\u00bb sticky_enabled=\u00a0\u00bb0&Prime;][\/et_pb_cta][\/et_pb_column][\/et_pb_row][\/et_pb_section]\n","protected":false},"excerpt":{"rendered":"<p>Nos ProgrammesPourquoi offrir du coaching et des ateliers li\u00e9s \u00e0 la sant\u00e9 des femmes ? La sant\u00e9 des femmes au travail devient un sujet de plus en plus crucial, alors que nous commen\u00e7ons tout juste \u00e0 combler les \u00e9carts en mati\u00e8re de sant\u00e9 f\u00e9minine et que nous continuons \u00e0 viser la parit\u00e9 en leadership. Dans [&hellip;]<\/p>\n","protected":false},"author":1,"featured_media":0,"parent":0,"menu_order":0,"comment_status":"closed","ping_status":"closed","template":"","meta":{"_et_pb_use_builder":"on","_et_pb_old_content":"","_et_gb_content_width":"","om_disable_all_campaigns":false,"_monsterinsights_skip_tracking":false,"_monsterinsights_sitenote_active":false,"_monsterinsights_sitenote_note":"","_monsterinsights_sitenote_category":0,"footnotes":""},"class_list":["post-2202","page","type-page","status-publish","hentry"],"yoast_head":"<!-- This site is optimized with the Yoast SEO plugin v27.0 - https:\/\/yoast.com\/product\/yoast-seo-wordpress\/ -->\n<title>Nos Services - Gloria<\/title>\n<meta name=\"robots\" content=\"index, follow, max-snippet:-1, max-image-preview:large, max-video-preview:-1\" \/>\n<link rel=\"canonical\" href=\"https:\/\/gloriacoach.com\/fr\/nos-services\/\" \/>\n<meta property=\"og:locale\" content=\"fr_FR\" \/>\n<meta property=\"og:type\" content=\"article\" \/>\n<meta property=\"og:title\" content=\"Nos Services - Gloria\" \/>\n<meta property=\"og:description\" content=\"Nos ProgrammesPourquoi offrir du coaching et des ateliers li\u00e9s \u00e0 la sant\u00e9 des femmes ? La sant\u00e9 des femmes au travail devient un sujet de plus en plus crucial, alors que nous commen\u00e7ons tout juste \u00e0 combler les \u00e9carts en mati\u00e8re de sant\u00e9 f\u00e9minine et que nous continuons \u00e0 viser la parit\u00e9 en leadership. Dans [&hellip;]\" \/>\n<meta property=\"og:url\" content=\"https:\/\/gloriacoach.com\/fr\/nos-services\/\" \/>\n<meta property=\"og:site_name\" content=\"Gloria\" \/>\n<meta property=\"article:modified_time\" content=\"2025-01-10T18:02:08+00:00\" \/>\n<meta property=\"og:image\" content=\"https:\/\/gloriacoach.com\/wp-content\/uploads\/2024\/06\/cropped-icon-G.png\" \/>\n\t<meta property=\"og:image:width\" content=\"512\" \/>\n\t<meta property=\"og:image:height\" content=\"512\" \/>\n\t<meta property=\"og:image:type\" content=\"image\/png\" \/>\n<meta name=\"twitter:card\" content=\"summary_large_image\" \/>\n<meta name=\"twitter:label1\" content=\"Dur\u00e9e de lecture estim\u00e9e\" \/>\n\t<meta name=\"twitter:data1\" content=\"1 minute\" \/>\n<script type=\"application\/ld+json\" class=\"yoast-schema-graph\">{\"@context\":\"https:\/\/schema.org\",\"@graph\":[{\"@type\":\"WebPage\",\"@id\":\"https:\/\/gloriacoach.com\/fr\/nos-services\/\",\"url\":\"https:\/\/gloriacoach.com\/fr\/nos-services\/\",\"name\":\"Nos Services - Gloria\",\"isPartOf\":{\"@id\":\"https:\/\/gloriacoach.com\/fr\/#website\"},\"datePublished\":\"2024-12-19T18:17:38+00:00\",\"dateModified\":\"2025-01-10T18:02:08+00:00\",\"breadcrumb\":{\"@id\":\"https:\/\/gloriacoach.com\/fr\/nos-services\/#breadcrumb\"},\"inLanguage\":\"fr-FR\",\"potentialAction\":[{\"@type\":\"ReadAction\",\"target\":[\"https:\/\/gloriacoach.com\/fr\/nos-services\/\"]}]},{\"@type\":\"BreadcrumbList\",\"@id\":\"https:\/\/gloriacoach.com\/fr\/nos-services\/#breadcrumb\",\"itemListElement\":[{\"@type\":\"ListItem\",\"position\":1,\"name\":\"Home\",\"item\":\"https:\/\/gloriacoach.com\/fr\/\"},{\"@type\":\"ListItem\",\"position\":2,\"name\":\"Nos Services\"}]},{\"@type\":\"WebSite\",\"@id\":\"https:\/\/gloriacoach.com\/fr\/#website\",\"url\":\"https:\/\/gloriacoach.com\/fr\/\",\"name\":\"Gloria\",\"description\":\"Coaching at the intersection of leadership and women\u2019s health\",\"publisher\":{\"@id\":\"https:\/\/gloriacoach.com\/fr\/#organization\"},\"potentialAction\":[{\"@type\":\"SearchAction\",\"target\":{\"@type\":\"EntryPoint\",\"urlTemplate\":\"https:\/\/gloriacoach.com\/fr\/?s={search_term_string}\"},\"query-input\":{\"@type\":\"PropertyValueSpecification\",\"valueRequired\":true,\"valueName\":\"search_term_string\"}}],\"inLanguage\":\"fr-FR\"},{\"@type\":\"Organization\",\"@id\":\"https:\/\/gloriacoach.com\/fr\/#organization\",\"name\":\"Gloria\",\"url\":\"https:\/\/gloriacoach.com\/fr\/\",\"logo\":{\"@type\":\"ImageObject\",\"inLanguage\":\"fr-FR\",\"@id\":\"https:\/\/gloriacoach.com\/fr\/#\/schema\/logo\/image\/\",\"url\":\"https:\/\/gloriacoach.com\/wp-content\/uploads\/2024\/06\/cropped-icon-G.png\",\"contentUrl\":\"https:\/\/gloriacoach.com\/wp-content\/uploads\/2024\/06\/cropped-icon-G.png\",\"width\":512,\"height\":512,\"caption\":\"Gloria\"},\"image\":{\"@id\":\"https:\/\/gloriacoach.com\/fr\/#\/schema\/logo\/image\/\"}}]}<\/script>\n<!-- \/ Yoast SEO plugin. -->","yoast_head_json":{"title":"Nos Services - Gloria","robots":{"index":"index","follow":"follow","max-snippet":"max-snippet:-1","max-image-preview":"max-image-preview:large","max-video-preview":"max-video-preview:-1"},"canonical":"https:\/\/gloriacoach.com\/fr\/nos-services\/","og_locale":"fr_FR","og_type":"article","og_title":"Nos Services - Gloria","og_description":"Nos ProgrammesPourquoi offrir du coaching et des ateliers li\u00e9s \u00e0 la sant\u00e9 des femmes ? La sant\u00e9 des femmes au travail devient un sujet de plus en plus crucial, alors que nous commen\u00e7ons tout juste \u00e0 combler les \u00e9carts en mati\u00e8re de sant\u00e9 f\u00e9minine et que nous continuons \u00e0 viser la parit\u00e9 en leadership. Dans [&hellip;]","og_url":"https:\/\/gloriacoach.com\/fr\/nos-services\/","og_site_name":"Gloria","article_modified_time":"2025-01-10T18:02:08+00:00","og_image":[{"width":512,"height":512,"url":"https:\/\/gloriacoach.com\/wp-content\/uploads\/2024\/06\/cropped-icon-G.png","type":"image\/png"}],"twitter_card":"summary_large_image","twitter_misc":{"Dur\u00e9e de lecture estim\u00e9e":"1 minute"},"schema":{"@context":"https:\/\/schema.org","@graph":[{"@type":"WebPage","@id":"https:\/\/gloriacoach.com\/fr\/nos-services\/","url":"https:\/\/gloriacoach.com\/fr\/nos-services\/","name":"Nos Services - Gloria","isPartOf":{"@id":"https:\/\/gloriacoach.com\/fr\/#website"},"datePublished":"2024-12-19T18:17:38+00:00","dateModified":"2025-01-10T18:02:08+00:00","breadcrumb":{"@id":"https:\/\/gloriacoach.com\/fr\/nos-services\/#breadcrumb"},"inLanguage":"fr-FR","potentialAction":[{"@type":"ReadAction","target":["https:\/\/gloriacoach.com\/fr\/nos-services\/"]}]},{"@type":"BreadcrumbList","@id":"https:\/\/gloriacoach.com\/fr\/nos-services\/#breadcrumb","itemListElement":[{"@type":"ListItem","position":1,"name":"Home","item":"https:\/\/gloriacoach.com\/fr\/"},{"@type":"ListItem","position":2,"name":"Nos Services"}]},{"@type":"WebSite","@id":"https:\/\/gloriacoach.com\/fr\/#website","url":"https:\/\/gloriacoach.com\/fr\/","name":"Gloria","description":"Coaching at the intersection of leadership and women\u2019s health","publisher":{"@id":"https:\/\/gloriacoach.com\/fr\/#organization"},"potentialAction":[{"@type":"SearchAction","target":{"@type":"EntryPoint","urlTemplate":"https:\/\/gloriacoach.com\/fr\/?s={search_term_string}"},"query-input":{"@type":"PropertyValueSpecification","valueRequired":true,"valueName":"search_term_string"}}],"inLanguage":"fr-FR"},{"@type":"Organization","@id":"https:\/\/gloriacoach.com\/fr\/#organization","name":"Gloria","url":"https:\/\/gloriacoach.com\/fr\/","logo":{"@type":"ImageObject","inLanguage":"fr-FR","@id":"https:\/\/gloriacoach.com\/fr\/#\/schema\/logo\/image\/","url":"https:\/\/gloriacoach.com\/wp-content\/uploads\/2024\/06\/cropped-icon-G.png","contentUrl":"https:\/\/gloriacoach.com\/wp-content\/uploads\/2024\/06\/cropped-icon-G.png","width":512,"height":512,"caption":"Gloria"},"image":{"@id":"https:\/\/gloriacoach.com\/fr\/#\/schema\/logo\/image\/"}}]}},"_links":{"self":[{"href":"https:\/\/gloriacoach.com\/fr\/wp-json\/wp\/v2\/pages\/2202","targetHints":{"allow":["GET"]}}],"collection":[{"href":"https:\/\/gloriacoach.com\/fr\/wp-json\/wp\/v2\/pages"}],"about":[{"href":"https:\/\/gloriacoach.com\/fr\/wp-json\/wp\/v2\/types\/page"}],"author":[{"embeddable":true,"href":"https:\/\/gloriacoach.com\/fr\/wp-json\/wp\/v2\/users\/1"}],"replies":[{"embeddable":true,"href":"https:\/\/gloriacoach.com\/fr\/wp-json\/wp\/v2\/comments?post=2202"}],"version-history":[{"count":5,"href":"https:\/\/gloriacoach.com\/fr\/wp-json\/wp\/v2\/pages\/2202\/revisions"}],"predecessor-version":[{"id":2290,"href":"https:\/\/gloriacoach.com\/fr\/wp-json\/wp\/v2\/pages\/2202\/revisions\/2290"}],"wp:attachment":[{"href":"https:\/\/gloriacoach.com\/fr\/wp-json\/wp\/v2\/media?parent=2202"}],"curies":[{"name":"wp","href":"https:\/\/api.w.org\/{rel}","templated":true}]}}