{"id":2383,"date":"2025-01-24T12:59:22","date_gmt":"2025-01-24T17:59:22","guid":{"rendered":"https:\/\/gloriacoach.com\/navigating-pregnancy-loss-at-work\/"},"modified":"2025-01-24T13:11:59","modified_gmt":"2025-01-24T18:11:59","slug":"navigating-pregnancy-loss-at-work","status":"publish","type":"page","link":"https:\/\/gloriacoach.com\/fr\/navigating-pregnancy-loss-at-work\/","title":{"rendered":"Navigating Pregnancy Loss at Work"},"content":{"rendered":"[et_pb_section fb_built=\u00a0\u00bb1&Prime; admin_label=\u00a0\u00bbHeader\u00a0\u00bb _builder_version=\u00a0\u00bb4.25.1&Prime; _module_preset=\u00a0\u00bbdefault\u00a0\u00bb background_color=\u00a0\u00bbgcid-8544a4e2-27b8-420a-83de-1cee04f2fb29&Prime; custom_padding=\u00a0\u00bb54px|||||\u00a0\u00bb locked=\u00a0\u00bboff\u00a0\u00bb collapsed=\u00a0\u00bbon\u00a0\u00bb global_colors_info=\u00a0\u00bb{%22gcid-8544a4e2-27b8-420a-83de-1cee04f2fb29%22:%91%22background_color%22%93}\u00a0\u00bb][et_pb_row column_structure=\u00a0\u00bb3_5,2_5&Prime; _builder_version=\u00a0\u00bb4.25.2&Prime; _module_preset=\u00a0\u00bbdefault\u00a0\u00bb custom_padding=\u00a0\u00bb||||false|false\u00a0\u00bb global_colors_info=\u00a0\u00bb{}\u00a0\u00bb][et_pb_column type=\u00a0\u00bb3_5&Prime; _builder_version=\u00a0\u00bb4.25.1&Prime; _module_preset=\u00a0\u00bbdefault\u00a0\u00bb global_colors_info=\u00a0\u00bb{}\u00a0\u00bb][et_pb_text _builder_version=\u00a0\u00bb4.25.2&Prime; _module_preset=\u00a0\u00bbdefault\u00a0\u00bb text_font=\u00a0\u00bbMontserrat|700||on|||||\u00a0\u00bb text_text_color=\u00a0\u00bb#B69B6C\u00a0\u00bb text_font_size=\u00a0\u00bb15px\u00a0\u00bb text_letter_spacing=\u00a0\u00bb2px\u00a0\u00bb custom_margin=\u00a0\u00bb||0px||false|false\u00a0\u00bb text_font_size_tablet=\u00a0\u00bb17px\u00a0\u00bb text_font_size_phone=\u00a0\u00bb14px\u00a0\u00bb text_font_size_last_edited=\u00a0\u00bbon|phone\u00a0\u00bb global_colors_info=\u00a0\u00bb{}\u00a0\u00bb]D\u00e9fis de sant\u00e9[\/et_pb_text][et_pb_heading title=\u00a0\u00bbNaviguer la perte de grossesse au travail\u00a0\u00bb _builder_version=\u00a0\u00bb4.27.4&Prime; _module_preset=\u00a0\u00bb_initial\u00a0\u00bb title_font=\u00a0\u00bbDM Serif Text||||||||\u00a0\u00bb title_font_size=\u00a0\u00bb60px\u00a0\u00bb title_letter_spacing=\u00a0\u00bb-0.02em\u00a0\u00bb custom_padding=\u00a0\u00bb20px||||false|false\u00a0\u00bb hover_enabled=\u00a0\u00bb0&Prime; title_font_size_tablet=\u00a0\u00bb42px\u00a0\u00bb title_font_size_phone=\u00a0\u00bb34px\u00a0\u00bb title_font_size_last_edited=\u00a0\u00bbon|phone\u00a0\u00bb locked=\u00a0\u00bboff\u00a0\u00bb global_colors_info=\u00a0\u00bb{}\u00a0\u00bb sticky_enabled=\u00a0\u00bb0&Prime;][\/et_pb_heading][et_pb_text _builder_version=\u00a0\u00bb4.27.4&Prime; _module_preset=\u00a0\u00bbdefault\u00a0\u00bb hover_enabled=\u00a0\u00bb0&Prime; global_colors_info=\u00a0\u00bb{}\u00a0\u00bb sticky_enabled=\u00a0\u00bb0&Prime;]<strong>Faire face aux d\u00e9fis de la perte de grossesse<\/strong><\/p>\n<p>Revenir au travail apr\u00e8s une perte de grossesse peut sembler une \u00e9tape insurmontable. Vous devez jongler avec des r\u00e9unions, des \u00e9ch\u00e9ances et la dynamique de votre \u00e9quipe, tout en portant le poids \u00e9motionnel de cette perte. Cette douleur affecte profond\u00e9ment non seulement votre vie personnelle, mais aussi vos responsabilit\u00e9s professionnelles.<\/p>\n<p>Il est possible que vous traversiez des vagues de tristesse difficiles \u00e0 pr\u00e9voir. Certains jours, vous ressentez un vide immense; d\u2019autres, vous luttez contre des sentiments de culpabilit\u00e9 ou de col\u00e8re. La concentration sur les t\u00e2ches peut \u00eatre un d\u00e9fi, votre esprit \u00e9tant encore absorb\u00e9 par ce que vous avez v\u00e9cu. Le besoin de vous rapprocher de vos coll\u00e8gues peut se heurter \u00e0 l&rsquo;envie de vous isoler, rendant les interactions sociales compliqu\u00e9es.<\/p>\n<p>Chez Gloria, nous comprenons les d\u00e9fis uniques li\u00e9s \u00e0 la perte de grossesse, car nous savons combien ce parcours est intime et complexe. Nous sommes l\u00e0 pour vous apporter du soutien et vous accompagner dans la gestion des \u00e9motions, tout en poursuivant vos responsabilit\u00e9s professionnelles.[\/et_pb_text][\/et_pb_column][et_pb_column type=\u00a0\u00bb2_5&Prime; _builder_version=\u00a0\u00bb4.25.1&Prime; _module_preset=\u00a0\u00bbdefault\u00a0\u00bb global_colors_info=\u00a0\u00bb{}\u00a0\u00bb][et_pb_image src=\u00a0\u00bbhttps:\/\/gloriacoach.com\/wp-content\/uploads\/2025\/01\/Pregnancy-Loss.jpeg\u00a0\u00bb alt=\u00a0\u00bbWoman working while navigating chronic illness\u00a0\u00bb _builder_version=\u00a0\u00bb4.27.4&Prime; _module_preset=\u00a0\u00bbdefault\u00a0\u00bb max_width_tablet=\u00a0\u00bb350px\u00a0\u00bb max_width_phone=\u00a0\u00bb350px\u00a0\u00bb max_width_last_edited=\u00a0\u00bbon|tablet\u00a0\u00bb module_alignment_tablet=\u00a0\u00bbcenter\u00a0\u00bb module_alignment_phone=\u00a0\u00bbcenter\u00a0\u00bb module_alignment_last_edited=\u00a0\u00bbon|tablet\u00a0\u00bb border_radii=\u00a0\u00bbon|500px|500px|500px|500px\u00a0\u00bb global_colors_info=\u00a0\u00bb{}\u00a0\u00bb width__hover_enabled=\u00a0\u00bboff|desktop\u00a0\u00bb][\/et_pb_image][et_pb_divider show_divider=\u00a0\u00bboff\u00a0\u00bb _builder_version=\u00a0\u00bb4.25.2&Prime; _module_preset=\u00a0\u00bbdefault\u00a0\u00bb background_color=\u00a0\u00bbgcid-bcc99e3b-722a-4dba-85e5-49c6d1592562&Prime; positioning=\u00a0\u00bbabsolute\u00a0\u00bb position_origin_a=\u00a0\u00bbtop_right\u00a0\u00bb z_index=\u00a0\u00bb-2&Prime; horizontal_offset_tablet=\u00a0\u00bb125px\u00a0\u00bb horizontal_offset_phone=\u00a0\u00bb20px\u00a0\u00bb horizontal_offset_last_edited=\u00a0\u00bbon|phone\u00a0\u00bb width=\u00a0\u00bb90px\u00a0\u00bb width_tablet=\u00a0\u00bb90px\u00a0\u00bb width_phone=\u00a0\u00bb60px\u00a0\u00bb width_last_edited=\u00a0\u00bbon|desktop\u00a0\u00bb height=\u00a0\u00bb90px\u00a0\u00bb height_tablet=\u00a0\u00bb90px\u00a0\u00bb height_phone=\u00a0\u00bb60px\u00a0\u00bb height_last_edited=\u00a0\u00bbon|desktop\u00a0\u00bb border_radii=\u00a0\u00bbon|500px|500px|500px|500px\u00a0\u00bb global_colors_info=\u00a0\u00bb{%22gcid-bcc99e3b-722a-4dba-85e5-49c6d1592562%22:%91%22background_color%22,%22background_color%22,%22background_color%22%93}\u00a0\u00bb][\/et_pb_divider][\/et_pb_column][\/et_pb_row][\/et_pb_section][et_pb_section fb_built=\u00a0\u00bb1&Prime; specialty=\u00a0\u00bbon\u00a0\u00bb _builder_version=\u00a0\u00bb4.25.2&Prime; _module_preset=\u00a0\u00bbdefault\u00a0\u00bb background_color=\u00a0\u00bbrgba(182,155,108,0.22)\u00a0\u00bb custom_padding=\u00a0\u00bb||15px||false|false\u00a0\u00bb global_colors_info=\u00a0\u00bb{}\u00a0\u00bb][et_pb_column type=\u00a0\u00bb1_3&Prime; _builder_version=\u00a0\u00bb4.16&Prime; custom_padding=\u00a0\u00bb|||\u00a0\u00bb global_colors_info=\u00a0\u00bb{}\u00a0\u00bb custom_padding__hover=\u00a0\u00bb|||\u00a0\u00bb][et_pb_image src=\u00a0\u00bbhttps:\/\/gloriacoach.com\/wp-content\/uploads\/2024\/06\/Professional-women-in-a-meeting.jpeg\u00a0\u00bb alt=\u00a0\u00bbTired young businesswoman in the office\u00a0\u00bb title_text=\u00a0\u00bbProfessional-women-in-a-meeting\u00a0\u00bb disabled_on=\u00a0\u00bbon|on|off\u00a0\u00bb _builder_version=\u00a0\u00bb4.27.4&Prime; _module_preset=\u00a0\u00bbdefault\u00a0\u00bb custom_margin=\u00a0\u00bb|||-10vw|false|false\u00a0\u00bb custom_margin_tablet=\u00a0\u00bb|||0vw|false|false\u00a0\u00bb custom_margin_phone=\u00a0\u00bb|||0vw|false|false\u00a0\u00bb custom_margin_last_edited=\u00a0\u00bbon|tablet\u00a0\u00bb border_radii=\u00a0\u00bbon|20px|20px|20px|20px\u00a0\u00bb global_colors_info=\u00a0\u00bb{}\u00a0\u00bb][\/et_pb_image][\/et_pb_column][et_pb_column type=\u00a0\u00bb2_3&Prime; specialty_columns=\u00a0\u00bb2&Prime; _builder_version=\u00a0\u00bb4.16&Prime; custom_padding=\u00a0\u00bb|||\u00a0\u00bb global_colors_info=\u00a0\u00bb{}\u00a0\u00bb custom_padding__hover=\u00a0\u00bb|||\u00a0\u00bb][et_pb_row_inner use_custom_gutter=\u00a0\u00bbon\u00a0\u00bb gutter_width=\u00a0\u00bb2&Prime; _builder_version=\u00a0\u00bb4.25.2&Prime; _module_preset=\u00a0\u00bbdefault\u00a0\u00bb global_colors_info=\u00a0\u00bb{}\u00a0\u00bb][et_pb_column_inner saved_specialty_column_type=\u00a0\u00bb1_2&Prime; _builder_version=\u00a0\u00bb4.25.2&Prime; _module_preset=\u00a0\u00bbdefault\u00a0\u00bb global_colors_info=\u00a0\u00bb{}\u00a0\u00bb][et_pb_heading title=\u00a0\u00bbLa r\u00e9alit\u00e9 de la perte de grossesse\u00a0\u00bb _builder_version=\u00a0\u00bb4.27.4&Prime; _module_preset=\u00a0\u00bb69bb234e-106f-42a5-93b6-b5a4db78501d\u00a0\u00bb title_font_size=\u00a0\u00bb36px\u00a0\u00bb hover_enabled=\u00a0\u00bb0&Prime; title_font_size_tablet=\u00a0\u00bb36px\u00a0\u00bb title_font_size_phone=\u00a0\u00bb26px\u00a0\u00bb title_font_size_last_edited=\u00a0\u00bbon|phone\u00a0\u00bb global_colors_info=\u00a0\u00bb{}\u00a0\u00bb sticky_enabled=\u00a0\u00bb0&Prime;][\/et_pb_heading][et_pb_text ul_item_indent=\u00a0\u00bb30px\u00a0\u00bb _builder_version=\u00a0\u00bb4.27.4&Prime; _module_preset=\u00a0\u00bbbd4289e8-0dbf-413e-a253-f788dde10418&Prime; link_text_color=\u00a0\u00bb#6F91B6&Prime; link_font_size=\u00a0\u00bb13px\u00a0\u00bb ul_font_size=\u00a0\u00bb15px\u00a0\u00bb ul_line_height=\u00a0\u00bb1.9em\u00a0\u00bb custom_margin=\u00a0\u00bb||10px||false|false\u00a0\u00bb hover_enabled=\u00a0\u00bb0&Prime; global_colors_info=\u00a0\u00bb{%22gcid-bcc99e3b-722a-4dba-85e5-49c6d1592562%22:%91%22quote_border_color%22,%22quote_border_color%22,%22quote_border_color%22,%22quote_border_color%22%93,%22gcid-fa3e187d-20a7-4c5a-962d-49a38117a4cc%22:%91%22quote_text_color%22,%22quote_text_color%22,%22quote_text_color%22,%22quote_text_color%22%93}\u00a0\u00bb sticky_enabled=\u00a0\u00bb0&Prime;]\n<p>Les femmes professionnelles ayant v\u00e9cu une perte de grossesse rapportent fr\u00e9quemment les difficult\u00e9s suivantes li\u00e9es au travail:<\/p>\n<ul>\n<li><strong>D\u00e9tresse \u00e9motionnelle :<\/strong> Le chagrin et la tristesse peuvent affecter votre concentration et votre motivation (The American Psychological Association, 2022).<\/li>\n<li><strong>Sympt\u00f4mes physiques :<\/strong> Les crampes et la fatigue peuvent interf\u00e9rer avec les t\u00e2ches quotidiennes et les niveaux d\u2019\u00e9nergie (ACOG, 2020).<\/li>\n<li><strong>Difficult\u00e9s cognitives :<\/strong> La difficult\u00e9 \u00e0 se concentrer et le \u00ab\u00a0brain fog\u00a0\u00bb peuvent compliquer les t\u00e2ches professionnelles (ACOG).<\/li>\n<li><strong>Isolation sociale :<\/strong> Le d\u00e9sir de s\u2019isoler peut entraver la collaboration et le soutien au travail (The American Psychological Association).<\/li>\n<li><strong>Anxi\u00e9t\u00e9 accrue :<\/strong> Les sentiments d\u2019anxi\u00e9t\u00e9 concernant les grossesses futures peuvent g\u00e9n\u00e9rer du stress suppl\u00e9mentaire (American Pregnancy Association, 2023).<\/li>\n<\/ul>\n[\/et_pb_text][et_pb_text _builder_version=\u00a0\u00bb4.27.4&Prime; _module_preset=\u00a0\u00bbbd4289e8-0dbf-413e-a253-f788dde10418&Prime; hover_enabled=\u00a0\u00bb0&Prime; global_colors_info=\u00a0\u00bb{}\u00a0\u00bb sticky_enabled=\u00a0\u00bb0&Prime;]<strong>\u00c7a vous semble familier?<\/strong><\/p>\n<p>De nombreuses femmes et personnes assign\u00e9es femmes \u00e0 la naissance \u00e9prouvent une gamme de sympt\u00f4mes \u00e9motionnels et physiques \u00e0 la suite d\u2019une perte de grossesse. Bien que chaque parcours soit unique, la plupart rencontrent des d\u00e9fis li\u00e9s au deuil tout en assumant leurs responsabilit\u00e9s professionnelles.[\/et_pb_text][\/et_pb_column_inner][\/et_pb_row_inner][et_pb_row_inner _builder_version=\u00a0\u00bb4.27.4&Prime; _module_preset=\u00a0\u00bbdefault\u00a0\u00bb custom_padding=\u00a0\u00bb0px||||false|false\u00a0\u00bb global_colors_info=\u00a0\u00bb{}\u00a0\u00bb][et_pb_column_inner saved_specialty_column_type=\u00a0\u00bb2_3&Prime; _builder_version=\u00a0\u00bb4.27.4&Prime; _module_preset=\u00a0\u00bbdefault\u00a0\u00bb background_color=\u00a0\u00bb#FCF9F4&Prime; custom_padding=\u00a0\u00bb25px|25px|25px|25px|true|true\u00a0\u00bb border_radii=\u00a0\u00bbon|20px|20px|20px|20px\u00a0\u00bb global_colors_info=\u00a0\u00bb{}\u00a0\u00bb][et_pb_text _builder_version=\u00a0\u00bb4.27.4&Prime; _module_preset=\u00a0\u00bbbd4289e8-0dbf-413e-a253-f788dde10418&Prime; text_font_size=\u00a0\u00bb15px\u00a0\u00bb header_3_font=\u00a0\u00bb&#8211;et_global_body_font|700|||||||\u00a0\u00bb header_3_text_color=\u00a0\u00bb#B69B6C\u00a0\u00bb header_3_font_size=\u00a0\u00bb21px\u00a0\u00bb hover_enabled=\u00a0\u00bb0&Prime; global_colors_info=\u00a0\u00bb{}\u00a0\u00bb sticky_enabled=\u00a0\u00bb0&Prime;]\n<h3>1 sur 4 <\/h3>\n<p>Environ 25 % des grossesses se terminent par une interruption de grosses, soulignant la pr\u00e9valence de cette exp\u00e9rience chez les femmes (ACOG, 2020) [\/et_pb_text][\/et_pb_column_inner][\/et_pb_row_inner][et_pb_row_inner _builder_version=\u00a0\u00bb4.27.4&Prime; _module_preset=\u00a0\u00bbdefault\u00a0\u00bb custom_padding=\u00a0\u00bb5px||10px||false|false\u00a0\u00bb global_colors_info=\u00a0\u00bb{}\u00a0\u00bb][et_pb_column_inner saved_specialty_column_type=\u00a0\u00bb2_3&Prime; _builder_version=\u00a0\u00bb4.27.4&Prime; _module_preset=\u00a0\u00bbdefault\u00a0\u00bb global_colors_info=\u00a0\u00bb{}\u00a0\u00bb][et_pb_text ul_item_indent=\u00a0\u00bb30px\u00a0\u00bb _builder_version=\u00a0\u00bb4.27.4&Prime; _module_preset=\u00a0\u00bbdefault\u00a0\u00bb link_text_color=\u00a0\u00bb#6F91B6&Prime; link_font_size=\u00a0\u00bb13px\u00a0\u00bb ul_font_size=\u00a0\u00bb15px\u00a0\u00bb ul_line_height=\u00a0\u00bb1.9em\u00a0\u00bb custom_margin=\u00a0\u00bb||5px||false|false\u00a0\u00bb hover_enabled=\u00a0\u00bb0&Prime; global_colors_info=\u00a0\u00bb{%22gcid-bcc99e3b-722a-4dba-85e5-49c6d1592562%22:%91%22quote_border_color%22,%22quote_border_color%22,%22quote_border_color%22,%22quote_border_color%22%93,%22gcid-fa3e187d-20a7-4c5a-962d-49a38117a4cc%22:%91%22quote_text_color%22,%22quote_text_color%22,%22quote_text_color%22,%22quote_text_color%22%93}\u00a0\u00bb sticky_enabled=\u00a0\u00bb0&Prime;]Si vous traversez les d\u00e9fis \u00e9motionnels et physiques li\u00e9s \u00e0 une perte de grossesse ou si vous ressentez de l\u2019incertitude quant \u00e0 la fa\u00e7on de g\u00e9rer cette exp\u00e9rience au travail, sachez que vous n\u2019\u00eates pas seule. De nombreuses personnes partagent des parcours et des d\u00e9fis similaires.[\/et_pb_text][\/et_pb_column_inner][\/et_pb_row_inner][et_pb_row_inner _builder_version=\u00a0\u00bb4.25.2&Prime; _module_preset=\u00a0\u00bbdefault\u00a0\u00bb custom_padding=\u00a0\u00bb0px||||false|false\u00a0\u00bb global_colors_info=\u00a0\u00bb{}\u00a0\u00bb][et_pb_column_inner _builder_version=\u00a0\u00bb4.25.2&Prime; _module_preset=\u00a0\u00bbdefault\u00a0\u00bb global_colors_info=\u00a0\u00bb{}\u00a0\u00bb][et_pb_text _builder_version=\u00a0\u00bb4.25.2&Prime; _module_preset=\u00a0\u00bbdefault\u00a0\u00bb global_module=\u00a0\u00bb1800&Prime; global_colors_info=\u00a0\u00bb{}\u00a0\u00bb]\n<p><a href=\"\/fr\/contact\/\">Contactez-nous.<\/a><\/p>\n[\/et_pb_text][\/et_pb_column_inner][\/et_pb_row_inner][\/et_pb_column][\/et_pb_section][et_pb_section fb_built=\u00a0\u00bb1&Prime; module_id=\u00a0\u00bbreferences\u00a0\u00bb _builder_version=\u00a0\u00bb4.25.2&Prime; _module_preset=\u00a0\u00bbdefault\u00a0\u00bb background_color=\u00a0\u00bbrgba(182,155,108,0.22)\u00a0\u00bb custom_padding=\u00a0\u00bb20px||||false|false\u00a0\u00bb global_colors_info=\u00a0\u00bb{}\u00a0\u00bb][et_pb_row _builder_version=\u00a0\u00bb4.25.2&Prime; _module_preset=\u00a0\u00bbdefault\u00a0\u00bb border_width_bottom=\u00a0\u00bb2px\u00a0\u00bb border_color_bottom=\u00a0\u00bbRGBA(182,155,108,0.22)\u00a0\u00bb global_colors_info=\u00a0\u00bb{}\u00a0\u00bb][et_pb_column type=\u00a0\u00bb4_4&Prime; _builder_version=\u00a0\u00bb4.25.2&Prime; _module_preset=\u00a0\u00bbdefault\u00a0\u00bb global_colors_info=\u00a0\u00bb{}\u00a0\u00bb][et_pb_text ol_position=\u00a0\u00bboutside\u00a0\u00bb ol_item_indent=\u00a0\u00bb15px\u00a0\u00bb _builder_version=\u00a0\u00bb4.27.4&Prime; _module_preset=\u00a0\u00bbdefault\u00a0\u00bb text_font_size=\u00a0\u00bb15px\u00a0\u00bb ol_font_size=\u00a0\u00bb13px\u00a0\u00bb ol_line_height=\u00a0\u00bb1.7em\u00a0\u00bb hover_enabled=\u00a0\u00bb0&Prime; global_colors_info=\u00a0\u00bb{}\u00a0\u00bb sticky_enabled=\u00a0\u00bb0&Prime;]\n<p><strong>R\u00e9f\u00e9rences<\/strong><\/p>\n<ol>\n<li>American Psychological Association. \u201cThe Psychological Effects of Miscarriage.\u201d (2022). APA.<\/li>\n<li>American College of Obstetricians and Gynecologists (ACOG). \u201cMiscarriage: What You Need to Know.\u201d (2020). ACOG.<\/li>\n<li>American Pregnancy Association. \u201cCoping with Miscarriage.\u201d (2023). APA.<\/li>\n<li>Canadian Perinatal Mental Health Collaborative (CPMHC). \u201cAbout Us.\u201d (2023). CPMHC.<\/li>\n<\/ol>\n[\/et_pb_text][\/et_pb_column][\/et_pb_row][et_pb_row admin_label=\u00a0\u00bbRow\u00a0\u00bb _builder_version=\u00a0\u00bb4.25.2&Prime; _module_preset=\u00a0\u00bbdefault\u00a0\u00bb global_module=\u00a0\u00bb1384&Prime; global_colors_info=\u00a0\u00bb{}\u00a0\u00bb][et_pb_column type=\u00a0\u00bb4_4&Prime; _builder_version=\u00a0\u00bb4.25.2&Prime; _module_preset=\u00a0\u00bbdefault\u00a0\u00bb global_colors_info=\u00a0\u00bb{}\u00a0\u00bb][et_pb_text admin_label=\u00a0\u00bbClause de non-responsabilit\u00e9\u00a0\u00bb _builder_version=\u00a0\u00bb4.27.4&Prime; _module_preset=\u00a0\u00bbdefault\u00a0\u00bb text_font=\u00a0\u00bb||on||||||\u00a0\u00bb text_font_size=\u00a0\u00bb14px\u00a0\u00bb global_colors_info=\u00a0\u00bb%91%93&Prime;]<strong>Avertissement :<\/strong> Cette fiche synth\u00e9tique pr\u00e9sente un r\u00e9sum\u00e9 des sujets cl\u00e9s en sant\u00e9 des femmes, soutenu par des donn\u00e9es de recherche et des sources. Elle est destin\u00e9e \u00e0 des fins d&rsquo;information g\u00e9n\u00e9rale uniquement et ne remplace pas des \u00e9tudes acad\u00e9miques d\u00e9taill\u00e9es. Pour des informations plus compl\u00e8tes et d\u00e9taill\u00e9es, veuillez vous r\u00e9f\u00e9rer aux recherches originales cit\u00e9es.[\/et_pb_text][\/et_pb_column][\/et_pb_row][\/et_pb_section]\n","protected":false},"excerpt":{"rendered":"<p>D\u00e9fis de sant\u00e9Faire face aux d\u00e9fis de la perte de grossesse Revenir au travail apr\u00e8s une perte de grossesse peut sembler une \u00e9tape insurmontable. Vous devez jongler avec des r\u00e9unions, des \u00e9ch\u00e9ances et la dynamique de votre \u00e9quipe, tout en portant le poids \u00e9motionnel de cette perte. Cette douleur affecte profond\u00e9ment non seulement votre vie [&hellip;]<\/p>\n","protected":false},"author":1,"featured_media":0,"parent":0,"menu_order":0,"comment_status":"closed","ping_status":"closed","template":"","meta":{"_et_pb_use_builder":"on","_et_pb_old_content":"","_et_gb_content_width":"","om_disable_all_campaigns":false,"_monsterinsights_skip_tracking":false,"_monsterinsights_sitenote_active":false,"_monsterinsights_sitenote_note":"","_monsterinsights_sitenote_category":0,"footnotes":""},"class_list":["post-2383","page","type-page","status-publish","hentry"],"yoast_head":"<!-- This site is optimized with the Yoast SEO plugin v27.0 - https:\/\/yoast.com\/product\/yoast-seo-wordpress\/ -->\n<title>Navigating Pregnancy Loss at Work - Gloria<\/title>\n<meta name=\"robots\" content=\"index, follow, max-snippet:-1, max-image-preview:large, max-video-preview:-1\" \/>\n<link rel=\"canonical\" href=\"https:\/\/gloriacoach.com\/fr\/navigating-pregnancy-loss-at-work\/\" \/>\n<meta property=\"og:locale\" content=\"fr_FR\" \/>\n<meta property=\"og:type\" content=\"article\" \/>\n<meta property=\"og:title\" content=\"Navigating Pregnancy Loss at Work - Gloria\" \/>\n<meta property=\"og:description\" content=\"D\u00e9fis de sant\u00e9Faire face aux d\u00e9fis de la perte de grossesse Revenir au travail apr\u00e8s une perte de grossesse peut sembler une \u00e9tape insurmontable. Vous devez jongler avec des r\u00e9unions, des \u00e9ch\u00e9ances et la dynamique de votre \u00e9quipe, tout en portant le poids \u00e9motionnel de cette perte. Cette douleur affecte profond\u00e9ment non seulement votre vie [&hellip;]\" \/>\n<meta property=\"og:url\" content=\"https:\/\/gloriacoach.com\/fr\/navigating-pregnancy-loss-at-work\/\" \/>\n<meta property=\"og:site_name\" content=\"Gloria\" \/>\n<meta property=\"article:modified_time\" content=\"2025-01-24T18:11:59+00:00\" \/>\n<meta property=\"og:image\" content=\"https:\/\/gloriacoach.com\/wp-content\/uploads\/2024\/06\/cropped-icon-G.png\" \/>\n\t<meta property=\"og:image:width\" content=\"512\" \/>\n\t<meta property=\"og:image:height\" content=\"512\" \/>\n\t<meta property=\"og:image:type\" content=\"image\/png\" \/>\n<meta name=\"twitter:card\" content=\"summary_large_image\" \/>\n<meta name=\"twitter:label1\" content=\"Dur\u00e9e de lecture estim\u00e9e\" \/>\n\t<meta name=\"twitter:data1\" content=\"3 minutes\" \/>\n<script type=\"application\/ld+json\" class=\"yoast-schema-graph\">{\"@context\":\"https:\/\/schema.org\",\"@graph\":[{\"@type\":\"WebPage\",\"@id\":\"https:\/\/gloriacoach.com\/fr\/navigating-pregnancy-loss-at-work\/\",\"url\":\"https:\/\/gloriacoach.com\/fr\/navigating-pregnancy-loss-at-work\/\",\"name\":\"Navigating Pregnancy Loss at Work - Gloria\",\"isPartOf\":{\"@id\":\"https:\/\/gloriacoach.com\/fr\/#website\"},\"datePublished\":\"2025-01-24T17:59:22+00:00\",\"dateModified\":\"2025-01-24T18:11:59+00:00\",\"breadcrumb\":{\"@id\":\"https:\/\/gloriacoach.com\/fr\/navigating-pregnancy-loss-at-work\/#breadcrumb\"},\"inLanguage\":\"fr-FR\",\"potentialAction\":[{\"@type\":\"ReadAction\",\"target\":[\"https:\/\/gloriacoach.com\/fr\/navigating-pregnancy-loss-at-work\/\"]}]},{\"@type\":\"BreadcrumbList\",\"@id\":\"https:\/\/gloriacoach.com\/fr\/navigating-pregnancy-loss-at-work\/#breadcrumb\",\"itemListElement\":[{\"@type\":\"ListItem\",\"position\":1,\"name\":\"Home\",\"item\":\"https:\/\/gloriacoach.com\/fr\/\"},{\"@type\":\"ListItem\",\"position\":2,\"name\":\"Navigating Pregnancy Loss at Work\"}]},{\"@type\":\"WebSite\",\"@id\":\"https:\/\/gloriacoach.com\/fr\/#website\",\"url\":\"https:\/\/gloriacoach.com\/fr\/\",\"name\":\"Gloria\",\"description\":\"Coaching at the intersection of leadership and women\u2019s health\",\"publisher\":{\"@id\":\"https:\/\/gloriacoach.com\/fr\/#organization\"},\"potentialAction\":[{\"@type\":\"SearchAction\",\"target\":{\"@type\":\"EntryPoint\",\"urlTemplate\":\"https:\/\/gloriacoach.com\/fr\/?s={search_term_string}\"},\"query-input\":{\"@type\":\"PropertyValueSpecification\",\"valueRequired\":true,\"valueName\":\"search_term_string\"}}],\"inLanguage\":\"fr-FR\"},{\"@type\":\"Organization\",\"@id\":\"https:\/\/gloriacoach.com\/fr\/#organization\",\"name\":\"Gloria\",\"url\":\"https:\/\/gloriacoach.com\/fr\/\",\"logo\":{\"@type\":\"ImageObject\",\"inLanguage\":\"fr-FR\",\"@id\":\"https:\/\/gloriacoach.com\/fr\/#\/schema\/logo\/image\/\",\"url\":\"https:\/\/gloriacoach.com\/wp-content\/uploads\/2024\/06\/cropped-icon-G.png\",\"contentUrl\":\"https:\/\/gloriacoach.com\/wp-content\/uploads\/2024\/06\/cropped-icon-G.png\",\"width\":512,\"height\":512,\"caption\":\"Gloria\"},\"image\":{\"@id\":\"https:\/\/gloriacoach.com\/fr\/#\/schema\/logo\/image\/\"}}]}<\/script>\n<!-- \/ Yoast SEO plugin. -->","yoast_head_json":{"title":"Navigating Pregnancy Loss at Work - Gloria","robots":{"index":"index","follow":"follow","max-snippet":"max-snippet:-1","max-image-preview":"max-image-preview:large","max-video-preview":"max-video-preview:-1"},"canonical":"https:\/\/gloriacoach.com\/fr\/navigating-pregnancy-loss-at-work\/","og_locale":"fr_FR","og_type":"article","og_title":"Navigating Pregnancy Loss at Work - Gloria","og_description":"D\u00e9fis de sant\u00e9Faire face aux d\u00e9fis de la perte de grossesse Revenir au travail apr\u00e8s une perte de grossesse peut sembler une \u00e9tape insurmontable. Vous devez jongler avec des r\u00e9unions, des \u00e9ch\u00e9ances et la dynamique de votre \u00e9quipe, tout en portant le poids \u00e9motionnel de cette perte. Cette douleur affecte profond\u00e9ment non seulement votre vie [&hellip;]","og_url":"https:\/\/gloriacoach.com\/fr\/navigating-pregnancy-loss-at-work\/","og_site_name":"Gloria","article_modified_time":"2025-01-24T18:11:59+00:00","og_image":[{"width":512,"height":512,"url":"https:\/\/gloriacoach.com\/wp-content\/uploads\/2024\/06\/cropped-icon-G.png","type":"image\/png"}],"twitter_card":"summary_large_image","twitter_misc":{"Dur\u00e9e de lecture estim\u00e9e":"3 minutes"},"schema":{"@context":"https:\/\/schema.org","@graph":[{"@type":"WebPage","@id":"https:\/\/gloriacoach.com\/fr\/navigating-pregnancy-loss-at-work\/","url":"https:\/\/gloriacoach.com\/fr\/navigating-pregnancy-loss-at-work\/","name":"Navigating Pregnancy Loss at Work - Gloria","isPartOf":{"@id":"https:\/\/gloriacoach.com\/fr\/#website"},"datePublished":"2025-01-24T17:59:22+00:00","dateModified":"2025-01-24T18:11:59+00:00","breadcrumb":{"@id":"https:\/\/gloriacoach.com\/fr\/navigating-pregnancy-loss-at-work\/#breadcrumb"},"inLanguage":"fr-FR","potentialAction":[{"@type":"ReadAction","target":["https:\/\/gloriacoach.com\/fr\/navigating-pregnancy-loss-at-work\/"]}]},{"@type":"BreadcrumbList","@id":"https:\/\/gloriacoach.com\/fr\/navigating-pregnancy-loss-at-work\/#breadcrumb","itemListElement":[{"@type":"ListItem","position":1,"name":"Home","item":"https:\/\/gloriacoach.com\/fr\/"},{"@type":"ListItem","position":2,"name":"Navigating Pregnancy Loss at Work"}]},{"@type":"WebSite","@id":"https:\/\/gloriacoach.com\/fr\/#website","url":"https:\/\/gloriacoach.com\/fr\/","name":"Gloria","description":"Coaching at the intersection of leadership and women\u2019s health","publisher":{"@id":"https:\/\/gloriacoach.com\/fr\/#organization"},"potentialAction":[{"@type":"SearchAction","target":{"@type":"EntryPoint","urlTemplate":"https:\/\/gloriacoach.com\/fr\/?s={search_term_string}"},"query-input":{"@type":"PropertyValueSpecification","valueRequired":true,"valueName":"search_term_string"}}],"inLanguage":"fr-FR"},{"@type":"Organization","@id":"https:\/\/gloriacoach.com\/fr\/#organization","name":"Gloria","url":"https:\/\/gloriacoach.com\/fr\/","logo":{"@type":"ImageObject","inLanguage":"fr-FR","@id":"https:\/\/gloriacoach.com\/fr\/#\/schema\/logo\/image\/","url":"https:\/\/gloriacoach.com\/wp-content\/uploads\/2024\/06\/cropped-icon-G.png","contentUrl":"https:\/\/gloriacoach.com\/wp-content\/uploads\/2024\/06\/cropped-icon-G.png","width":512,"height":512,"caption":"Gloria"},"image":{"@id":"https:\/\/gloriacoach.com\/fr\/#\/schema\/logo\/image\/"}}]}},"_links":{"self":[{"href":"https:\/\/gloriacoach.com\/fr\/wp-json\/wp\/v2\/pages\/2383","targetHints":{"allow":["GET"]}}],"collection":[{"href":"https:\/\/gloriacoach.com\/fr\/wp-json\/wp\/v2\/pages"}],"about":[{"href":"https:\/\/gloriacoach.com\/fr\/wp-json\/wp\/v2\/types\/page"}],"author":[{"embeddable":true,"href":"https:\/\/gloriacoach.com\/fr\/wp-json\/wp\/v2\/users\/1"}],"replies":[{"embeddable":true,"href":"https:\/\/gloriacoach.com\/fr\/wp-json\/wp\/v2\/comments?post=2383"}],"version-history":[{"count":2,"href":"https:\/\/gloriacoach.com\/fr\/wp-json\/wp\/v2\/pages\/2383\/revisions"}],"predecessor-version":[{"id":2386,"href":"https:\/\/gloriacoach.com\/fr\/wp-json\/wp\/v2\/pages\/2383\/revisions\/2386"}],"wp:attachment":[{"href":"https:\/\/gloriacoach.com\/fr\/wp-json\/wp\/v2\/media?parent=2383"}],"curies":[{"name":"wp","href":"https:\/\/api.w.org\/{rel}","templated":true}]}}