{"id":2629,"date":"2025-09-05T13:12:21","date_gmt":"2025-09-05T17:12:21","guid":{"rendered":"https:\/\/gloriacoach.com\/?page_id=2629"},"modified":"2025-09-05T14:23:30","modified_gmt":"2025-09-05T18:23:30","slug":"temoignages","status":"publish","type":"page","link":"https:\/\/gloriacoach.com\/fr\/temoignages\/","title":{"rendered":"T\u00e9moignages"},"content":{"rendered":"[et_pb_section fb_built=\u00a0\u00bb1&Prime; _builder_version=\u00a0\u00bb4.25.1&Prime; _module_preset=\u00a0\u00bbdefault\u00a0\u00bb background_color=\u00a0\u00bb#FCF9F4&Prime; global_colors_info=\u00a0\u00bb{}\u00a0\u00bb][et_pb_row _builder_version=\u00a0\u00bb4.25.1&Prime; _module_preset=\u00a0\u00bbdefault\u00a0\u00bb custom_padding=\u00a0\u00bb||||false|false\u00a0\u00bb border_width_bottom=\u00a0\u00bb2px\u00a0\u00bb border_color_bottom=\u00a0\u00bb#646059&Prime; global_colors_info=\u00a0\u00bb{%22gcid-fa3e187d-20a7-4c5a-962d-49a38117a4cc%22:%91%22border_color_all%22%93}\u00a0\u00bb][et_pb_column type=\u00a0\u00bb4_4&Prime; _builder_version=\u00a0\u00bb4.25.1&Prime; _module_preset=\u00a0\u00bbdefault\u00a0\u00bb global_colors_info=\u00a0\u00bb{}\u00a0\u00bb][et_pb_heading title=\u00a0\u00bbT\u00e9moignages\u00a0\u00bb _builder_version=\u00a0\u00bb4.27.4&Prime; _module_preset=\u00a0\u00bb_initial\u00a0\u00bb title_font=\u00a0\u00bbDM Serif Text||||||||\u00a0\u00bb title_font_size=\u00a0\u00bb65px\u00a0\u00bb title_letter_spacing=\u00a0\u00bb-0.02em\u00a0\u00bb custom_margin=\u00a0\u00bb||10px||false|false\u00a0\u00bb custom_padding=\u00a0\u00bb20px||||false|false\u00a0\u00bb title_font_size_tablet=\u00a0\u00bb50px\u00a0\u00bb title_font_size_phone=\u00a0\u00bb34px\u00a0\u00bb title_font_size_last_edited=\u00a0\u00bbon|phone\u00a0\u00bb locked=\u00a0\u00bboff\u00a0\u00bb global_colors_info=\u00a0\u00bb{}\u00a0\u00bb][\/et_pb_heading][\/et_pb_column][\/et_pb_row][\/et_pb_section][et_pb_section fb_built=\u00a0\u00bb1&Prime; admin_label=\u00a0\u00bbAbout\u00a0\u00bb module_id=\u00a0\u00bb6month\u00a0\u00bb _builder_version=\u00a0\u00bb4.25.1&Prime; _module_preset=\u00a0\u00bbdefault\u00a0\u00bb background_color=\u00a0\u00bbgcid-8544a4e2-27b8-420a-83de-1cee04f2fb29&Prime; locked=\u00a0\u00bboff\u00a0\u00bb collapsed=\u00a0\u00bboff\u00a0\u00bb global_colors_info=\u00a0\u00bb{%22gcid-8544a4e2-27b8-420a-83de-1cee04f2fb29%22:%91%22background_color%22%93}\u00a0\u00bb][et_pb_row column_structure=\u00a0\u00bb2_5,3_5&Prime; make_equal=\u00a0\u00bbon\u00a0\u00bb _builder_version=\u00a0\u00bb4.27.4&Prime; _module_preset=\u00a0\u00bbdefault\u00a0\u00bb background_enable_color=\u00a0\u00bboff\u00a0\u00bb border_radii=\u00a0\u00bbon|20px|20px|20px|20px\u00a0\u00bb global_colors_info=\u00a0\u00bb{}\u00a0\u00bb background__hover_enabled=\u00a0\u00bboff|desktop\u00a0\u00bb][et_pb_column type=\u00a0\u00bb2_5&Prime; _builder_version=\u00a0\u00bb4.27.4&Prime; _module_preset=\u00a0\u00bbdefault\u00a0\u00bb background_color=\u00a0\u00bb#FFFFFF\u00a0\u00bb custom_padding=\u00a0\u00bb35px|35px|35px|35px|true|true\u00a0\u00bb custom_padding_tablet=\u00a0\u00bb40px|40px|40px|40px|true|true\u00a0\u00bb custom_padding_phone=\u00a0\u00bb40px|25px|40px|20px|true|false\u00a0\u00bb custom_padding_last_edited=\u00a0\u00bbon|phone\u00a0\u00bb border_radii=\u00a0\u00bbon|20px|20px|20px|20px\u00a0\u00bb box_shadow_style=\u00a0\u00bbpreset3&Prime; box_shadow_spread=\u00a0\u00bb-12px\u00a0\u00bb box_shadow_color=\u00a0\u00bbrgba(182,155,108,0.16)\u00a0\u00bb global_colors_info=\u00a0\u00bb{}\u00a0\u00bb background__hover_enabled=\u00a0\u00bboff|desktop\u00a0\u00bb][et_pb_blurb use_icon=\u00a0\u00bbon\u00a0\u00bb font_icon=\u00a0\u00bb&#xf10d;||fa||900&Prime; icon_color=\u00a0\u00bb#6F91B6&Prime; icon_placement=\u00a0\u00bbleft\u00a0\u00bb image_icon_width=\u00a0\u00bb30px\u00a0\u00bb image_icon_width_tablet=\u00a0\u00bb30px\u00a0\u00bb image_icon_width_phone=\u00a0\u00bb22px\u00a0\u00bb image_icon_width_last_edited=\u00a0\u00bbon|phone\u00a0\u00bb _builder_version=\u00a0\u00bb4.27.4&Prime; _module_preset=\u00a0\u00bbdefault\u00a0\u00bb body_font_size=\u00a0\u00bb15px\u00a0\u00bb animation=\u00a0\u00bboff\u00a0\u00bb global_colors_info=\u00a0\u00bb{}\u00a0\u00bb]Cet atelier m\u2019a permis de prendre du recul et d\u2019\u00e9valuer l\u2019impact de ma sant\u00e9 sur mon travail, et vice versa. Les questions, pistes de r\u00e9flexion et donn\u00e9es pr\u00e9sent\u00e9es par Laure ont apport\u00e9 une profondeur \u00e0 cette r\u00e9flexion que j\u2019ai beaucoup appr\u00e9ci\u00e9e. Les sujets couverts continuent de surgir dans mes pens\u00e9es de temps \u00e0 autre depuis.<\/p>\n<p><em>VP Op\u00e9rations, Bureau de conseil<\/em>[\/et_pb_blurb][\/et_pb_column][et_pb_column type=\u00a0\u00bb3_5&Prime; _builder_version=\u00a0\u00bb4.27.4&Prime; _module_preset=\u00a0\u00bbdefault\u00a0\u00bb background_color=\u00a0\u00bb#FFFFFF\u00a0\u00bb custom_padding=\u00a0\u00bb35px|35px|35px|35px|true|true\u00a0\u00bb custom_padding_tablet=\u00a0\u00bb40px|40px|40px|40px|true|true\u00a0\u00bb custom_padding_phone=\u00a0\u00bb40px|25px|40px|20px|true|false\u00a0\u00bb custom_padding_last_edited=\u00a0\u00bbon|phone\u00a0\u00bb border_radii=\u00a0\u00bbon|20px|20px|20px|20px\u00a0\u00bb box_shadow_style=\u00a0\u00bbpreset3&Prime; box_shadow_spread=\u00a0\u00bb-12px\u00a0\u00bb box_shadow_color=\u00a0\u00bbrgba(182,155,108,0.16)\u00a0\u00bb global_colors_info=\u00a0\u00bb{}\u00a0\u00bb background__hover_enabled=\u00a0\u00bboff|desktop\u00a0\u00bb][et_pb_blurb use_icon=\u00a0\u00bbon\u00a0\u00bb font_icon=\u00a0\u00bb&#xf10d;||fa||900&Prime; icon_color=\u00a0\u00bb#6F91B6&Prime; icon_placement=\u00a0\u00bbleft\u00a0\u00bb image_icon_width=\u00a0\u00bb30px\u00a0\u00bb image_icon_width_tablet=\u00a0\u00bb30px\u00a0\u00bb image_icon_width_phone=\u00a0\u00bb22px\u00a0\u00bb image_icon_width_last_edited=\u00a0\u00bbon|phone\u00a0\u00bb _builder_version=\u00a0\u00bb4.27.4&Prime; _module_preset=\u00a0\u00bbdefault\u00a0\u00bb body_font_size=\u00a0\u00bb15px\u00a0\u00bb animation=\u00a0\u00bboff\u00a0\u00bb global_colors_info=\u00a0\u00bb{}\u00a0\u00bb]Cet atelier a \u00e9t\u00e9 extraordinaire. D\u2019abord r\u00e9confortant et validant gr\u00e2ce \u00e0 toute l\u2019information partag\u00e9e nous permettant de se rappeler \u00e0 quel point les femmes professionnelles font fasse \u00e0 des d\u00e9fis de sant\u00e9 r\u00e9els et s\u00e9rieux tout au long de leur vie, l\u2019atelier nous a offert des outils et pistes de r\u00e9flexions concr\u00e8tes pour y faire face tout en maintenant notre ambition et notre confiance en soi. Les exercices cibl\u00e9s permettaient \u00e0 tout coup de tirer des conclusions quant \u00e0 ce qui nous propulse ou nous freine au quotidien. C\u2019\u00e9tait une occasion en or de connecter avec un superbe groupe de femmes talentueuses et d\u2019\u00e9changer conseils et astuces, sous le leadership de Laure.<\/p>\n<p><em>Directrice, Bureau d\u2019avocat.e.s national<\/em>[\/et_pb_blurb][\/et_pb_column][\/et_pb_row][\/et_pb_section][et_pb_section fb_built=\u00a0\u00bb1&Prime; admin_label=\u00a0\u00bbAbout\u00a0\u00bb module_id=\u00a0\u00bb6month\u00a0\u00bb _builder_version=\u00a0\u00bb4.27.4&Prime; _module_preset=\u00a0\u00bbdefault\u00a0\u00bb background_color=\u00a0\u00bbgcid-8544a4e2-27b8-420a-83de-1cee04f2fb29&Prime; hover_enabled=\u00a0\u00bb0&Prime; locked=\u00a0\u00bboff\u00a0\u00bb collapsed=\u00a0\u00bboff\u00a0\u00bb global_colors_info=\u00a0\u00bb{%22gcid-8544a4e2-27b8-420a-83de-1cee04f2fb29%22:%91%22background_color%22%93}\u00a0\u00bb custom_padding=\u00a0\u00bb25px||35px||false|false\u00a0\u00bb sticky_enabled=\u00a0\u00bb0&Prime;][et_pb_row column_structure=\u00a0\u00bb1_2,1_2&Prime; _builder_version=\u00a0\u00bb4.27.4&Prime; _module_preset=\u00a0\u00bbdefault\u00a0\u00bb global_colors_info=\u00a0\u00bb{}\u00a0\u00bb][et_pb_column type=\u00a0\u00bb1_2&Prime; _builder_version=\u00a0\u00bb4.27.4&Prime; _module_preset=\u00a0\u00bbdefault\u00a0\u00bb global_colors_info=\u00a0\u00bb{}\u00a0\u00bb][et_pb_video src=\u00a0\u00bbhttps:\/\/youtu.be\/hwINKhhJcKk\u00a0\u00bb image_src=\u00a0\u00bb\/\/i.ytimg.com\/vi\/hwINKhhJcKk\/hqdefault.jpg\u00a0\u00bb _builder_version=\u00a0\u00bb4.27.4&Prime; _module_preset=\u00a0\u00bbdefault\u00a0\u00bb global_colors_info=\u00a0\u00bb{}\u00a0\u00bb][\/et_pb_video][\/et_pb_column][et_pb_column type=\u00a0\u00bb1_2&Prime; _builder_version=\u00a0\u00bb4.27.4&Prime; _module_preset=\u00a0\u00bbdefault\u00a0\u00bb global_colors_info=\u00a0\u00bb{}\u00a0\u00bb][et_pb_video src=\u00a0\u00bbhttps:\/\/youtu.be\/VwWMqDbHChM\u00a0\u00bb image_src=\u00a0\u00bb\/\/i.ytimg.com\/vi\/VwWMqDbHChM\/hqdefault.jpg\u00a0\u00bb _builder_version=\u00a0\u00bb4.27.4&Prime; _module_preset=\u00a0\u00bbdefault\u00a0\u00bb global_colors_info=\u00a0\u00bb{}\u00a0\u00bb][\/et_pb_video][\/et_pb_column][\/et_pb_row][\/et_pb_section][et_pb_section fb_built=\u00a0\u00bb1&Prime; custom_padding_last_edited=\u00a0\u00bbon|tablet\u00a0\u00bb _builder_version=\u00a0\u00bb4.25.1&Prime; _module_preset=\u00a0\u00bbdefault\u00a0\u00bb background_color=\u00a0\u00bb#FCF9F4&Prime; custom_padding=\u00a0\u00bb20px||||false|false\u00a0\u00bb custom_padding_tablet=\u00a0\u00bb0px||||false|false\u00a0\u00bb custom_padding_phone=\u00a0\u00bb0px||||false|false\u00a0\u00bb global_colors_info=\u00a0\u00bb{}\u00a0\u00bb][et_pb_row _builder_version=\u00a0\u00bb4.25.1&Prime; _module_preset=\u00a0\u00bbdefault\u00a0\u00bb max_width=\u00a0\u00bb800px\u00a0\u00bb global_colors_info=\u00a0\u00bb{}\u00a0\u00bb][et_pb_column type=\u00a0\u00bb4_4&Prime; _builder_version=\u00a0\u00bb4.25.1&Prime; _module_preset=\u00a0\u00bbdefault\u00a0\u00bb global_colors_info=\u00a0\u00bb{}\u00a0\u00bb][et_pb_cta title=\u00a0\u00bbVous souhaitez savoir si Gloria vous convient ?\u00a0\u00bb button_url=\u00a0\u00bb\/fr\/contact\/\u00a0\u00bb button_text=\u00a0\u00bbContactez-nous\u00a0\u00bb _builder_version=\u00a0\u00bb4.27.4&Prime; _module_preset=\u00a0\u00bbdefault\u00a0\u00bb header_font_size=\u00a0\u00bb27px\u00a0\u00bb body_font_size=\u00a0\u00bb18px\u00a0\u00bb body_line_height=\u00a0\u00bb1.6em\u00a0\u00bb background_color=\u00a0\u00bbrgba(182,155,108,0.09)\u00a0\u00bb background_layout=\u00a0\u00bblight\u00a0\u00bb custom_padding=\u00a0\u00bb60px||60px||true|false\u00a0\u00bb header_font_size_tablet=\u00a0\u00bb\u00a0\u00bb header_font_size_phone=\u00a0\u00bb24px\u00a0\u00bb header_font_size_last_edited=\u00a0\u00bbon|phone\u00a0\u00bb body_font_size_tablet=\u00a0\u00bb18px\u00a0\u00bb body_font_size_phone=\u00a0\u00bb16px\u00a0\u00bb body_font_size_last_edited=\u00a0\u00bbon|tablet\u00a0\u00bb border_radii=\u00a0\u00bbon|20px|20px|20px|20px\u00a0\u00bb global_colors_info=\u00a0\u00bb{}\u00a0\u00bb][\/et_pb_cta][\/et_pb_column][\/et_pb_row][\/et_pb_section]\n","protected":false},"excerpt":{"rendered":"<p>Cet atelier m\u2019a permis de prendre du recul et d\u2019\u00e9valuer l\u2019impact de ma sant\u00e9 sur mon travail, et vice versa. Les questions, pistes de r\u00e9flexion et donn\u00e9es pr\u00e9sent\u00e9es par Laure ont apport\u00e9 une profondeur \u00e0 cette r\u00e9flexion que j\u2019ai beaucoup appr\u00e9ci\u00e9e. Les sujets couverts continuent de surgir dans mes pens\u00e9es de temps \u00e0 autre depuis. [&hellip;]<\/p>\n","protected":false},"author":1,"featured_media":0,"parent":0,"menu_order":0,"comment_status":"closed","ping_status":"closed","template":"","meta":{"_et_pb_use_builder":"on","_et_pb_old_content":"[et_pb_section fb_built=\"1\" _builder_version=\"4.25.1\" _module_preset=\"default\" background_color=\"#FCF9F4\" global_colors_info=\"{}\"][et_pb_row _builder_version=\"4.25.1\" _module_preset=\"default\" custom_padding=\"||||false|false\" border_width_bottom=\"2px\" border_color_bottom=\"#646059\" global_colors_info=\"{%22gcid-fa3e187d-20a7-4c5a-962d-49a38117a4cc%22:%91%22border_color_all%22%93}\"][et_pb_column type=\"4_4\" _builder_version=\"4.25.1\" _module_preset=\"default\" global_colors_info=\"{}\"][et_pb_text _builder_version=\"4.27.4\" _module_preset=\"default\" text_font=\"Montserrat|700||on|||||\" text_text_color=\"#B69B6C\" text_font_size=\"15px\" text_letter_spacing=\"2px\" custom_margin=\"||0px||false|false\" hover_enabled=\"0\" text_font_size_tablet=\"17px\" text_font_size_phone=\"14px\" text_font_size_last_edited=\"on|phone\" global_colors_info=\"{}\" sticky_enabled=\"0\"]Feedback[\/et_pb_text][et_pb_heading title=\"Testimonials\" _builder_version=\"4.27.4\" _module_preset=\"_initial\" title_font=\"DM Serif Text||||||||\" title_font_size=\"65px\" title_letter_spacing=\"-0.02em\" custom_margin=\"||10px||false|false\" custom_padding=\"20px||||false|false\" hover_enabled=\"0\" title_font_size_tablet=\"50px\" title_font_size_phone=\"34px\" title_font_size_last_edited=\"on|phone\" locked=\"off\" global_colors_info=\"{}\" sticky_enabled=\"0\"][\/et_pb_heading][\/et_pb_column][\/et_pb_row][\/et_pb_section][et_pb_section fb_built=\"1\" admin_label=\"About\" module_id=\"6month\" _builder_version=\"4.25.1\" _module_preset=\"default\" background_color=\"gcid-8544a4e2-27b8-420a-83de-1cee04f2fb29\" locked=\"off\" collapsed=\"on\" global_colors_info=\"{%22gcid-8544a4e2-27b8-420a-83de-1cee04f2fb29%22:%91%22background_color%22%93}\"][et_pb_row column_structure=\"2_5,3_5\" _builder_version=\"4.27.4\" _module_preset=\"default\" border_radii=\"on|20px|20px|20px|20px\" global_colors_info=\"{}\" background__hover_enabled=\"off|desktop\" background_enable_color=\"off\" make_equal=\"on\" hover_enabled=\"0\" sticky_enabled=\"0\"][et_pb_column type=\"2_5\" _builder_version=\"4.27.4\" _module_preset=\"default\" hover_enabled=\"0\" global_colors_info=\"{}\" background_color=\"#FFFFFF\" sticky_enabled=\"0\" box_shadow_style=\"preset3\" box_shadow_spread=\"-12px\" box_shadow_color=\"rgba(182,155,108,0.16)\" background__hover_enabled=\"off|desktop\" custom_padding=\"35px|35px|35px|35px|true|true\" custom_padding_tablet=\"40px|40px|40px|40px|true|true\" custom_padding_phone=\"40px|25px|40px|20px|true|false\" custom_padding_last_edited=\"on|phone\" border_radii=\"on|20px|20px|20px|20px\"][et_pb_blurb use_icon=\"on\" font_icon=\"\uf10d||fa||900\" icon_color=\"#6F91B6\" icon_placement=\"left\" image_icon_width=\"30px\" image_icon_width_tablet=\"30px\" image_icon_width_phone=\"22px\" image_icon_width_last_edited=\"on|phone\" _builder_version=\"4.27.4\" _module_preset=\"default\" body_font_size=\"15px\" animation=\"off\" global_colors_info=\"{}\"]<p>This workshop allowed me to step back and assess the impact of my health on my work, and vice versa. The questions, insights, and data presented by Laure brought depth to this reflection, which I greatly appreciated. The topics covered continue to resurface in my thoughts from time to time since then.<\/p>\r\n<p><em>VP Operations, Consulting Firm<\/em><\/p>[\/et_pb_blurb][\/et_pb_column][et_pb_column type=\"3_5\" _builder_version=\"4.27.4\" _module_preset=\"default\" global_colors_info=\"{}\" box_shadow_style=\"preset3\" box_shadow_spread=\"-12px\" box_shadow_color=\"rgba(182,155,108,0.16)\" background__hover_enabled=\"off|desktop\" background_color=\"#FFFFFF\" sticky_enabled=\"0\" custom_padding=\"35px|35px|35px|35px|true|true\" custom_padding_tablet=\"40px|40px|40px|40px|true|true\" custom_padding_phone=\"40px|25px|40px|20px|true|false\" custom_padding_last_edited=\"on|phone\" border_radii=\"on|20px|20px|20px|20px\"][et_pb_blurb use_icon=\"on\" font_icon=\"\uf10d||fa||900\" icon_color=\"#6F91B6\" icon_placement=\"left\" image_icon_width=\"30px\" image_icon_width_tablet=\"30px\" image_icon_width_phone=\"22px\" image_icon_width_last_edited=\"on|phone\" _builder_version=\"4.27.4\" _module_preset=\"default\" body_font_size=\"15px\" animation=\"off\" global_colors_info=\"{}\"]<p>This workshop was extraordinary. It was both comforting and validating, thanks to all the information shared that reminded us of the very real and serious health challenges professional women face throughout their lives. The workshop offered us concrete tools and avenues for reflection to address these challenges while maintaining our ambition and self-confidence. The targeted exercises consistently helped us draw conclusions about what drives or holds us back in our daily lives. It was a golden opportunity to connect with a fantastic group of talented women and exchange advice and tips, under Laure's inspiring leadership.<\/p>\r\n<p><em>Director, National Law Firm<\/em><\/p>[\/et_pb_blurb][\/et_pb_column][\/et_pb_row][\/et_pb_section][et_pb_section fb_built=\"1\" custom_padding_last_edited=\"on|tablet\" _builder_version=\"4.25.1\" _module_preset=\"default\" background_color=\"#FCF9F4\" custom_padding=\"20px||||false|false\" custom_padding_tablet=\"0px||||false|false\" custom_padding_phone=\"0px||||false|false\" global_colors_info=\"{}\"][et_pb_row _builder_version=\"4.25.1\" _module_preset=\"default\" max_width=\"800px\" global_colors_info=\"{}\"][et_pb_column type=\"4_4\" _builder_version=\"4.25.1\" _module_preset=\"default\" global_colors_info=\"{}\"][et_pb_cta title=\"Discover if Gloria is right for you\" button_url=\"\/contact\/\" button_text=\"Contact us\" _builder_version=\"4.27.4\" _module_preset=\"default\" body_font_size=\"18px\" body_line_height=\"1.6em\" background_color=\"rgba(182,155,108,0.09)\" background_layout=\"light\" custom_padding=\"60px||60px||true|false\" hover_enabled=\"0\" header_font_size_tablet=\"\" header_font_size_phone=\"24px\" header_font_size_last_edited=\"on|phone\" body_font_size_tablet=\"18px\" body_font_size_phone=\"16px\" body_font_size_last_edited=\"on|tablet\" border_radii=\"on|20px|20px|20px|20px\" global_colors_info=\"{}\" sticky_enabled=\"0\"][\/et_pb_cta][\/et_pb_column][\/et_pb_row][\/et_pb_section]","_et_gb_content_width":"","om_disable_all_campaigns":false,"_monsterinsights_skip_tracking":false,"_monsterinsights_sitenote_active":false,"_monsterinsights_sitenote_note":"","_monsterinsights_sitenote_category":0,"footnotes":""},"class_list":["post-2629","page","type-page","status-publish","hentry"],"yoast_head":"<!-- This site is optimized with the Yoast SEO plugin v27.0 - https:\/\/yoast.com\/product\/yoast-seo-wordpress\/ -->\n<title>T\u00e9moignages - Gloria<\/title>\n<meta name=\"robots\" content=\"index, follow, max-snippet:-1, max-image-preview:large, max-video-preview:-1\" \/>\n<link rel=\"canonical\" href=\"https:\/\/gloriacoach.com\/fr\/temoignages\/\" \/>\n<meta property=\"og:locale\" content=\"fr_FR\" \/>\n<meta property=\"og:type\" content=\"article\" \/>\n<meta property=\"og:title\" content=\"T\u00e9moignages - Gloria\" \/>\n<meta property=\"og:description\" content=\"Cet atelier m\u2019a permis de prendre du recul et d\u2019\u00e9valuer l\u2019impact de ma sant\u00e9 sur mon travail, et vice versa. Les questions, pistes de r\u00e9flexion et donn\u00e9es pr\u00e9sent\u00e9es par Laure ont apport\u00e9 une profondeur \u00e0 cette r\u00e9flexion que j\u2019ai beaucoup appr\u00e9ci\u00e9e. Les sujets couverts continuent de surgir dans mes pens\u00e9es de temps \u00e0 autre depuis. [&hellip;]\" \/>\n<meta property=\"og:url\" content=\"https:\/\/gloriacoach.com\/fr\/temoignages\/\" \/>\n<meta property=\"og:site_name\" content=\"Gloria\" \/>\n<meta property=\"article:modified_time\" content=\"2025-09-05T18:23:30+00:00\" \/>\n<meta property=\"og:image\" content=\"https:\/\/gloriacoach.com\/wp-content\/uploads\/2024\/06\/cropped-icon-G.png\" \/>\n\t<meta property=\"og:image:width\" content=\"512\" \/>\n\t<meta property=\"og:image:height\" content=\"512\" \/>\n\t<meta property=\"og:image:type\" content=\"image\/png\" \/>\n<meta name=\"twitter:card\" content=\"summary_large_image\" \/>\n<meta name=\"twitter:label1\" content=\"Dur\u00e9e de lecture estim\u00e9e\" \/>\n\t<meta name=\"twitter:data1\" content=\"1 minute\" \/>\n<script type=\"application\/ld+json\" class=\"yoast-schema-graph\">{\"@context\":\"https:\/\/schema.org\",\"@graph\":[{\"@type\":\"WebPage\",\"@id\":\"https:\/\/gloriacoach.com\/fr\/temoignages\/\",\"url\":\"https:\/\/gloriacoach.com\/fr\/temoignages\/\",\"name\":\"T\u00e9moignages - Gloria\",\"isPartOf\":{\"@id\":\"https:\/\/gloriacoach.com\/fr\/#website\"},\"datePublished\":\"2025-09-05T17:12:21+00:00\",\"dateModified\":\"2025-09-05T18:23:30+00:00\",\"breadcrumb\":{\"@id\":\"https:\/\/gloriacoach.com\/fr\/temoignages\/#breadcrumb\"},\"inLanguage\":\"fr-FR\",\"potentialAction\":[{\"@type\":\"ReadAction\",\"target\":[\"https:\/\/gloriacoach.com\/fr\/temoignages\/\"]}]},{\"@type\":\"BreadcrumbList\",\"@id\":\"https:\/\/gloriacoach.com\/fr\/temoignages\/#breadcrumb\",\"itemListElement\":[{\"@type\":\"ListItem\",\"position\":1,\"name\":\"Home\",\"item\":\"https:\/\/gloriacoach.com\/fr\/\"},{\"@type\":\"ListItem\",\"position\":2,\"name\":\"T\u00e9moignages\"}]},{\"@type\":\"WebSite\",\"@id\":\"https:\/\/gloriacoach.com\/fr\/#website\",\"url\":\"https:\/\/gloriacoach.com\/fr\/\",\"name\":\"Gloria\",\"description\":\"Coaching at the intersection of leadership and women\u2019s health\",\"publisher\":{\"@id\":\"https:\/\/gloriacoach.com\/fr\/#organization\"},\"potentialAction\":[{\"@type\":\"SearchAction\",\"target\":{\"@type\":\"EntryPoint\",\"urlTemplate\":\"https:\/\/gloriacoach.com\/fr\/?s={search_term_string}\"},\"query-input\":{\"@type\":\"PropertyValueSpecification\",\"valueRequired\":true,\"valueName\":\"search_term_string\"}}],\"inLanguage\":\"fr-FR\"},{\"@type\":\"Organization\",\"@id\":\"https:\/\/gloriacoach.com\/fr\/#organization\",\"name\":\"Gloria\",\"url\":\"https:\/\/gloriacoach.com\/fr\/\",\"logo\":{\"@type\":\"ImageObject\",\"inLanguage\":\"fr-FR\",\"@id\":\"https:\/\/gloriacoach.com\/fr\/#\/schema\/logo\/image\/\",\"url\":\"https:\/\/gloriacoach.com\/wp-content\/uploads\/2024\/06\/cropped-icon-G.png\",\"contentUrl\":\"https:\/\/gloriacoach.com\/wp-content\/uploads\/2024\/06\/cropped-icon-G.png\",\"width\":512,\"height\":512,\"caption\":\"Gloria\"},\"image\":{\"@id\":\"https:\/\/gloriacoach.com\/fr\/#\/schema\/logo\/image\/\"}}]}<\/script>\n<!-- \/ Yoast SEO plugin. -->","yoast_head_json":{"title":"T\u00e9moignages - Gloria","robots":{"index":"index","follow":"follow","max-snippet":"max-snippet:-1","max-image-preview":"max-image-preview:large","max-video-preview":"max-video-preview:-1"},"canonical":"https:\/\/gloriacoach.com\/fr\/temoignages\/","og_locale":"fr_FR","og_type":"article","og_title":"T\u00e9moignages - Gloria","og_description":"Cet atelier m\u2019a permis de prendre du recul et d\u2019\u00e9valuer l\u2019impact de ma sant\u00e9 sur mon travail, et vice versa. Les questions, pistes de r\u00e9flexion et donn\u00e9es pr\u00e9sent\u00e9es par Laure ont apport\u00e9 une profondeur \u00e0 cette r\u00e9flexion que j\u2019ai beaucoup appr\u00e9ci\u00e9e. Les sujets couverts continuent de surgir dans mes pens\u00e9es de temps \u00e0 autre depuis. [&hellip;]","og_url":"https:\/\/gloriacoach.com\/fr\/temoignages\/","og_site_name":"Gloria","article_modified_time":"2025-09-05T18:23:30+00:00","og_image":[{"width":512,"height":512,"url":"https:\/\/gloriacoach.com\/wp-content\/uploads\/2024\/06\/cropped-icon-G.png","type":"image\/png"}],"twitter_card":"summary_large_image","twitter_misc":{"Dur\u00e9e de lecture estim\u00e9e":"1 minute"},"schema":{"@context":"https:\/\/schema.org","@graph":[{"@type":"WebPage","@id":"https:\/\/gloriacoach.com\/fr\/temoignages\/","url":"https:\/\/gloriacoach.com\/fr\/temoignages\/","name":"T\u00e9moignages - Gloria","isPartOf":{"@id":"https:\/\/gloriacoach.com\/fr\/#website"},"datePublished":"2025-09-05T17:12:21+00:00","dateModified":"2025-09-05T18:23:30+00:00","breadcrumb":{"@id":"https:\/\/gloriacoach.com\/fr\/temoignages\/#breadcrumb"},"inLanguage":"fr-FR","potentialAction":[{"@type":"ReadAction","target":["https:\/\/gloriacoach.com\/fr\/temoignages\/"]}]},{"@type":"BreadcrumbList","@id":"https:\/\/gloriacoach.com\/fr\/temoignages\/#breadcrumb","itemListElement":[{"@type":"ListItem","position":1,"name":"Home","item":"https:\/\/gloriacoach.com\/fr\/"},{"@type":"ListItem","position":2,"name":"T\u00e9moignages"}]},{"@type":"WebSite","@id":"https:\/\/gloriacoach.com\/fr\/#website","url":"https:\/\/gloriacoach.com\/fr\/","name":"Gloria","description":"Coaching at the intersection of leadership and women\u2019s health","publisher":{"@id":"https:\/\/gloriacoach.com\/fr\/#organization"},"potentialAction":[{"@type":"SearchAction","target":{"@type":"EntryPoint","urlTemplate":"https:\/\/gloriacoach.com\/fr\/?s={search_term_string}"},"query-input":{"@type":"PropertyValueSpecification","valueRequired":true,"valueName":"search_term_string"}}],"inLanguage":"fr-FR"},{"@type":"Organization","@id":"https:\/\/gloriacoach.com\/fr\/#organization","name":"Gloria","url":"https:\/\/gloriacoach.com\/fr\/","logo":{"@type":"ImageObject","inLanguage":"fr-FR","@id":"https:\/\/gloriacoach.com\/fr\/#\/schema\/logo\/image\/","url":"https:\/\/gloriacoach.com\/wp-content\/uploads\/2024\/06\/cropped-icon-G.png","contentUrl":"https:\/\/gloriacoach.com\/wp-content\/uploads\/2024\/06\/cropped-icon-G.png","width":512,"height":512,"caption":"Gloria"},"image":{"@id":"https:\/\/gloriacoach.com\/fr\/#\/schema\/logo\/image\/"}}]}},"_links":{"self":[{"href":"https:\/\/gloriacoach.com\/fr\/wp-json\/wp\/v2\/pages\/2629","targetHints":{"allow":["GET"]}}],"collection":[{"href":"https:\/\/gloriacoach.com\/fr\/wp-json\/wp\/v2\/pages"}],"about":[{"href":"https:\/\/gloriacoach.com\/fr\/wp-json\/wp\/v2\/types\/page"}],"author":[{"embeddable":true,"href":"https:\/\/gloriacoach.com\/fr\/wp-json\/wp\/v2\/users\/1"}],"replies":[{"embeddable":true,"href":"https:\/\/gloriacoach.com\/fr\/wp-json\/wp\/v2\/comments?post=2629"}],"version-history":[{"count":6,"href":"https:\/\/gloriacoach.com\/fr\/wp-json\/wp\/v2\/pages\/2629\/revisions"}],"predecessor-version":[{"id":2652,"href":"https:\/\/gloriacoach.com\/fr\/wp-json\/wp\/v2\/pages\/2629\/revisions\/2652"}],"wp:attachment":[{"href":"https:\/\/gloriacoach.com\/fr\/wp-json\/wp\/v2\/media?parent=2629"}],"curies":[{"name":"wp","href":"https:\/\/api.w.org\/{rel}","templated":true}]}}