{"id":2699,"date":"2025-09-17T16:15:06","date_gmt":"2025-09-17T20:15:06","guid":{"rendered":"https:\/\/gloriacoach.com\/featured-in\/"},"modified":"2025-11-20T12:44:12","modified_gmt":"2025-11-20T17:44:12","slug":"presente-dans","status":"publish","type":"page","link":"https:\/\/gloriacoach.com\/fr\/presente-dans\/","title":{"rendered":"Pr\u00e9sent\u00e9 dans"},"content":{"rendered":"[et_pb_section fb_built=\u00a0\u00bb1&Prime; custom_padding_last_edited=\u00a0\u00bbon|desktop\u00a0\u00bb admin_label=\u00a0\u00bbHeader\u00a0\u00bb _builder_version=\u00a0\u00bb4.25.2&Prime; _module_preset=\u00a0\u00bbdefault\u00a0\u00bb background_color=\u00a0\u00bbgcid-8544a4e2-27b8-420a-83de-1cee04f2fb29&Prime; custom_padding_tablet=\u00a0\u00bb0px||0px||false|false\u00a0\u00bb custom_padding_phone=\u00a0\u00bb0px||0px||false|false\u00a0\u00bb locked=\u00a0\u00bboff\u00a0\u00bb collapsed=\u00a0\u00bboff\u00a0\u00bb global_colors_info=\u00a0\u00bb{%22gcid-8544a4e2-27b8-420a-83de-1cee04f2fb29%22:%91%22background_color%22%93}\u00a0\u00bb][et_pb_row _builder_version=\u00a0\u00bb4.25.1&Prime; _module_preset=\u00a0\u00bbdefault\u00a0\u00bb custom_padding=\u00a0\u00bb||||false|false\u00a0\u00bb border_width_bottom=\u00a0\u00bb2px\u00a0\u00bb border_color_bottom=\u00a0\u00bb#646059&Prime; global_colors_info=\u00a0\u00bb{%22gcid-fa3e187d-20a7-4c5a-962d-49a38117a4cc%22:%91%22border_color_all%22%93}\u00a0\u00bb][et_pb_column type=\u00a0\u00bb4_4&Prime; _builder_version=\u00a0\u00bb4.25.1&Prime; _module_preset=\u00a0\u00bbdefault\u00a0\u00bb global_colors_info=\u00a0\u00bb{}\u00a0\u00bb][et_pb_heading title=\u00a0\u00bbPr\u00e9sent\u00e9 dans&#8230;\u00a0\u00bb _builder_version=\u00a0\u00bb4.27.4&Prime; _module_preset=\u00a0\u00bb_initial\u00a0\u00bb title_level=\u00a0\u00bbh2&Prime; title_font=\u00a0\u00bbDM Serif Text||||||||\u00a0\u00bb title_font_size=\u00a0\u00bb60px\u00a0\u00bb title_letter_spacing=\u00a0\u00bb-0.02em\u00a0\u00bb custom_padding=\u00a0\u00bb20px||||false|false\u00a0\u00bb title_font_size_tablet=\u00a0\u00bb50px\u00a0\u00bb title_font_size_phone=\u00a0\u00bb34px\u00a0\u00bb title_font_size_last_edited=\u00a0\u00bbon|phone\u00a0\u00bb locked=\u00a0\u00bboff\u00a0\u00bb global_colors_info=\u00a0\u00bb{}\u00a0\u00bb][\/et_pb_heading][\/et_pb_column][\/et_pb_row][et_pb_row column_structure=\u00a0\u00bb1_4,1_4,1_4,1_4&Prime; _builder_version=\u00a0\u00bb4.27.4&Prime; _module_preset=\u00a0\u00bbdefault\u00a0\u00bb custom_margin=\u00a0\u00bb20px||||false|false\u00a0\u00bb global_colors_info=\u00a0\u00bb{}\u00a0\u00bb][et_pb_column type=\u00a0\u00bb1_4&Prime; _builder_version=\u00a0\u00bb4.27.4&Prime; _module_preset=\u00a0\u00bbdefault\u00a0\u00bb global_colors_info=\u00a0\u00bb{}\u00a0\u00bb][et_pb_blurb title=\u00a0\u00bbThe Coaching Divas Podcast\u00a0\u00bb image=\u00a0\u00bbhttps:\/\/gloriacoach.com\/wp-content\/uploads\/2025\/11\/coaching-divas.jpg\u00a0\u00bb alt=\u00a0\u00bbThe Coaching Divas Podcast\u00a0\u00bb _builder_version=\u00a0\u00bb4.27.4&Prime; _module_preset=\u00a0\u00bbdefault\u00a0\u00bb header_font=\u00a0\u00bb&#8211;et_global_body_font|300|||||||\u00a0\u00bb header_font_size=\u00a0\u00bb16px\u00a0\u00bb header_line_height=\u00a0\u00bb1.3em\u00a0\u00bb animation=\u00a0\u00bboff\u00a0\u00bb link_option_url=\u00a0\u00bbhttps:\/\/podcasts.apple.com\/ca\/podcast\/womens-health-at-work\/id1746379975?i=1000737037917&Prime; link_option_url_new_window=\u00a0\u00bbon\u00a0\u00bb hover_enabled=\u00a0\u00bb0&Prime; global_colors_info=\u00a0\u00bb{}\u00a0\u00bb child_filter_opacity__hover_enabled=\u00a0\u00bboff|desktop\u00a0\u00bb child_filter_opacity__hover=\u00a0\u00bb100%\u00a0\u00bb child_filter_saturate__hover_enabled=\u00a0\u00bboff|desktop\u00a0\u00bb child_filter_saturate__hover=\u00a0\u00bb100%\u00a0\u00bb child_filter_contrast__hover_enabled=\u00a0\u00bboff|desktop\u00a0\u00bb child_filter_contrast__hover=\u00a0\u00bb100%\u00a0\u00bb text_orientation=\u00a0\u00bbcenter\u00a0\u00bb sticky_enabled=\u00a0\u00bb0&Prime; border_radii_image=\u00a0\u00bbon|10px|10px|10px|10px\u00a0\u00bb image_icon_width=\u00a0\u00bb120px\u00a0\u00bb custom_css_blurb_image=\u00a0\u00bbmargin-bottom: 15px;\u00a0\u00bb body_font=\u00a0\u00bb||||||||\u00a0\u00bb body_font_size=\u00a0\u00bb13px\u00a0\u00bb body_line_height=\u00a0\u00bb1.1em\u00a0\u00bb]\n<p>(balado en anglais)<\/p>\n[\/et_pb_blurb][\/et_pb_column][et_pb_column type=\u00a0\u00bb1_4&Prime; _builder_version=\u00a0\u00bb4.27.4&Prime; _module_preset=\u00a0\u00bbdefault\u00a0\u00bb global_colors_info=\u00a0\u00bb{}\u00a0\u00bb][et_pb_blurb title=\u00a0\u00bbFemtech Canada (Blogue)\u00a0\u00bb image=\u00a0\u00bbhttps:\/\/gloriacoach.com\/wp-content\/uploads\/2025\/09\/femtech.ca-0.png\u00a0\u00bb alt=\u00a0\u00bbfemtech Canada logo\u00a0\u00bb _builder_version=\u00a0\u00bb4.27.4&Prime; _module_preset=\u00a0\u00bbdefault\u00a0\u00bb header_font=\u00a0\u00bb&#8211;et_global_body_font|300|||||||\u00a0\u00bb header_font_size=\u00a0\u00bb16px\u00a0\u00bb header_line_height=\u00a0\u00bb1.3em\u00a0\u00bb animation=\u00a0\u00bboff\u00a0\u00bb link_option_url=\u00a0\u00bbhttps:\/\/femtech.ca\/invisible-struggles-visible-costs-womens-health-at-work\/\u00a0\u00bb link_option_url_new_window=\u00a0\u00bbon\u00a0\u00bb hover_enabled=\u00a0\u00bb0&Prime; global_colors_info=\u00a0\u00bb{}\u00a0\u00bb child_filter_opacity__hover_enabled=\u00a0\u00bboff|desktop\u00a0\u00bb child_filter_opacity__hover=\u00a0\u00bb100%\u00a0\u00bb child_filter_saturate__hover_enabled=\u00a0\u00bboff|desktop\u00a0\u00bb child_filter_saturate__hover=\u00a0\u00bb100%\u00a0\u00bb child_filter_contrast__hover_enabled=\u00a0\u00bboff|desktop\u00a0\u00bb child_filter_contrast__hover=\u00a0\u00bb100%\u00a0\u00bb text_orientation=\u00a0\u00bbcenter\u00a0\u00bb sticky_enabled=\u00a0\u00bb0&Prime;][\/et_pb_blurb][\/et_pb_column][et_pb_column type=\u00a0\u00bb1_4&Prime; _builder_version=\u00a0\u00bb4.27.4&Prime; _module_preset=\u00a0\u00bbdefault\u00a0\u00bb global_colors_info=\u00a0\u00bb{}\u00a0\u00bb][\/et_pb_column][et_pb_column type=\u00a0\u00bb1_4&Prime; _builder_version=\u00a0\u00bb4.27.4&Prime; _module_preset=\u00a0\u00bbdefault\u00a0\u00bb global_colors_info=\u00a0\u00bb{}\u00a0\u00bb][\/et_pb_column][\/et_pb_row][\/et_pb_section][et_pb_section fb_built=\u00a0\u00bb1&Prime; custom_padding_last_edited=\u00a0\u00bbon|tablet\u00a0\u00bb admin_label=\u00a0\u00bbContact\u00a0\u00bb _builder_version=\u00a0\u00bb4.25.2&Prime; _module_preset=\u00a0\u00bbdefault\u00a0\u00bb background_color=\u00a0\u00bbgcid-8544a4e2-27b8-420a-83de-1cee04f2fb29&Prime; custom_padding=\u00a0\u00bb10px||||false|false\u00a0\u00bb custom_padding_tablet=\u00a0\u00bb0px||||false|false\u00a0\u00bb custom_padding_phone=\u00a0\u00bb0px||||false|false\u00a0\u00bb locked=\u00a0\u00bboff\u00a0\u00bb collapsed=\u00a0\u00bboff\u00a0\u00bb global_colors_info=\u00a0\u00bb{%22gcid-8544a4e2-27b8-420a-83de-1cee04f2fb29%22:%91%22background_color%22%93}\u00a0\u00bb][et_pb_row _builder_version=\u00a0\u00bb4.27.4&Prime; _module_preset=\u00a0\u00bbdefault\u00a0\u00bb global_colors_info=\u00a0\u00bb{}\u00a0\u00bb][et_pb_column type=\u00a0\u00bb4_4&Prime; _builder_version=\u00a0\u00bb4.27.4&Prime; _module_preset=\u00a0\u00bbdefault\u00a0\u00bb global_colors_info=\u00a0\u00bb{}\u00a0\u00bb][et_pb_text _builder_version=\u00a0\u00bb4.27.4&Prime; _module_preset=\u00a0\u00bbdefault\u00a0\u00bb global_colors_info=\u00a0\u00bb{}\u00a0\u00bb]\n<h4>Symposium Women\u2019s Powership 2025 \u00e0 Montr\u00e9al<\/h4>\n<div class=\"rl-gallery-container rl-loading\" id=\"rl-gallery-container-1\" data-gallery_id=\"2677\"> <div class=\"rl-gallery rl-basicmasonry-gallery \" id=\"rl-gallery-1\" data-gallery_no=\"1\"> <div class=\"rl-gutter-sizer\"><\/div><div class=\"rl-grid-sizer\"><\/div> <div class=\"rl-gallery-item rl-gallery-item-width-4\" > <div class=\"rl-gallery-item-content\"> <a href=\"https:\/\/gloriacoach.com\/wp-content\/uploads\/2025\/09\/B145E584-25FC-48AC-852C-45BAA4302B5B_1_105_c-1024x683.jpeg\" title=\"\" data-rl_title=\"\" class=\"rl-gallery-link\" data-rl_caption=\"\" data-rel=\"lightbox-gallery-1\" data-magnific_type=\"gallery\"><img loading=\"lazy\" decoding=\"async\" src=\"https:\/\/gloriacoach.com\/wp-content\/uploads\/2025\/09\/B145E584-25FC-48AC-852C-45BAA4302B5B_1_105_c-1024x683.jpeg\" width=\"1024\" height=\"683\" alt=\"\" \/><\/a> <\/div> <\/div> <div class=\"rl-gallery-item\" > <div class=\"rl-gallery-item-content\"> <a href=\"https:\/\/gloriacoach.com\/wp-content\/uploads\/2025\/09\/ABB5A74C-0845-4EB0-9133-2255DFAB445A_1_105_c-1024x683.jpeg\" title=\"\" data-rl_title=\"\" class=\"rl-gallery-link\" data-rl_caption=\"\" data-rel=\"lightbox-gallery-1\" data-magnific_type=\"gallery\"><img loading=\"lazy\" decoding=\"async\" src=\"https:\/\/gloriacoach.com\/wp-content\/uploads\/2025\/09\/ABB5A74C-0845-4EB0-9133-2255DFAB445A_1_105_c-1024x683.jpeg\" width=\"1024\" height=\"683\" alt=\"\" \/><\/a> <\/div> <\/div> <div class=\"rl-gallery-item\" > <div class=\"rl-gallery-item-content\"> <a href=\"https:\/\/gloriacoach.com\/wp-content\/uploads\/2025\/09\/9CBD6CC5-7944-4BA6-8545-1EFCF3212B97_1_105_c-683x1024.jpeg\" title=\"\" data-rl_title=\"\" class=\"rl-gallery-link\" data-rl_caption=\"\" data-rel=\"lightbox-gallery-1\" data-magnific_type=\"gallery\"><img loading=\"lazy\" decoding=\"async\" src=\"https:\/\/gloriacoach.com\/wp-content\/uploads\/2025\/09\/9CBD6CC5-7944-4BA6-8545-1EFCF3212B97_1_105_c-683x1024.jpeg\" width=\"683\" height=\"1024\" alt=\"\" \/><\/a> <\/div> <\/div> <div class=\"rl-gallery-item\" > <div class=\"rl-gallery-item-content\"> <a href=\"https:\/\/gloriacoach.com\/wp-content\/uploads\/2025\/09\/A0AA9034-A430-4B2A-AC31-03C8B0596E37_1_105_c-1024x683.jpeg\" title=\"\" data-rl_title=\"\" class=\"rl-gallery-link\" data-rl_caption=\"\" data-rel=\"lightbox-gallery-1\" data-magnific_type=\"gallery\"><img loading=\"lazy\" decoding=\"async\" src=\"https:\/\/gloriacoach.com\/wp-content\/uploads\/2025\/09\/A0AA9034-A430-4B2A-AC31-03C8B0596E37_1_105_c-1024x683.jpeg\" width=\"1024\" height=\"683\" alt=\"\" \/><\/a> <\/div> <\/div> <div class=\"rl-gallery-item\" > <div class=\"rl-gallery-item-content\"> <a href=\"https:\/\/gloriacoach.com\/wp-content\/uploads\/2025\/09\/76006B9B-FBF4-4807-91E8-7384CE16DD13_1_201_a-1024x990.jpeg\" title=\"\" data-rl_title=\"\" class=\"rl-gallery-link\" data-rl_caption=\"\" data-rel=\"lightbox-gallery-1\" data-magnific_type=\"gallery\"><img loading=\"lazy\" decoding=\"async\" src=\"https:\/\/gloriacoach.com\/wp-content\/uploads\/2025\/09\/76006B9B-FBF4-4807-91E8-7384CE16DD13_1_201_a-1024x990.jpeg\" width=\"1024\" height=\"990\" alt=\"\" \/><\/a> <\/div> <\/div> <div class=\"rl-gallery-item\" > <div class=\"rl-gallery-item-content\"> <a href=\"https:\/\/gloriacoach.com\/wp-content\/uploads\/2025\/09\/7B28CB2B-80F0-4F24-8E26-4E7B8DAC2B3B_1_105_c-1024x683.jpeg\" title=\"\" data-rl_title=\"\" class=\"rl-gallery-link\" data-rl_caption=\"\" data-rel=\"lightbox-gallery-1\" data-magnific_type=\"gallery\"><img loading=\"lazy\" decoding=\"async\" src=\"https:\/\/gloriacoach.com\/wp-content\/uploads\/2025\/09\/7B28CB2B-80F0-4F24-8E26-4E7B8DAC2B3B_1_105_c-1024x683.jpeg\" width=\"1024\" height=\"683\" alt=\"\" \/><\/a> <\/div> <\/div> <\/div> <\/div>[\/et_pb_text][\/et_pb_column][\/et_pb_row][\/et_pb_section][et_pb_section fb_built=\u00a0\u00bb1&Prime; _builder_version=\u00a0\u00bb4.25.2&Prime; _module_preset=\u00a0\u00bbdefault\u00a0\u00bb background_color=\u00a0\u00bb#FCF9F4&Prime; custom_padding=\u00a0\u00bb0px||||false|false\u00a0\u00bb saved_tabs=\u00a0\u00bball\u00a0\u00bb global_colors_info=\u00a0\u00bb{}\u00a0\u00bb][et_pb_row _builder_version=\u00a0\u00bb4.25.2&Prime; _module_preset=\u00a0\u00bbdefault\u00a0\u00bb background_color=\u00a0\u00bb#FFFFFF\u00a0\u00bb border_radii=\u00a0\u00bbon|20px|20px|20px|20px\u00a0\u00bb box_shadow_style=\u00a0\u00bbpreset4&Prime; box_shadow_horizontal=\u00a0\u00bb15px\u00a0\u00bb box_shadow_vertical=\u00a0\u00bb15px\u00a0\u00bb box_shadow_color=\u00a0\u00bbrgba(182,155,108,0.11)\u00a0\u00bb global_colors_info=\u00a0\u00bb{}\u00a0\u00bb][et_pb_column type=\u00a0\u00bb4_4&Prime; _builder_version=\u00a0\u00bb4.25.2&Prime; _module_preset=\u00a0\u00bbdefault\u00a0\u00bb global_colors_info=\u00a0\u00bb{}\u00a0\u00bb][et_pb_cta title=\u00a0\u00bbNous joindre\u00a0\u00bb button_url=\u00a0\u00bb@ET-DC@eyJkeW5hbWljIjp0cnVlLCJjb250ZW50IjoicG9zdF9saW5rX3VybF9wYWdlIiwic2V0dGluZ3MiOnsicG9zdF9pZCI6IjE1OTkifX0=@\u00a0\u00bb button_text=\u00a0\u00bbContactez-nous\u00a0\u00bb _builder_version=\u00a0\u00bb4.27.4&Prime; _dynamic_attributes=\u00a0\u00bbbutton_url\u00a0\u00bb _module_preset=\u00a0\u00bbdefault\u00a0\u00bb use_background_color=\u00a0\u00bboff\u00a0\u00bb background_layout=\u00a0\u00bblight\u00a0\u00bb max_width=\u00a0\u00bb800px\u00a0\u00bb module_alignment=\u00a0\u00bbcenter\u00a0\u00bb custom_padding=\u00a0\u00bb40px|40px|40px|40px|true|true\u00a0\u00bb header_font_size_tablet=\u00a0\u00bb\u00a0\u00bb header_font_size_phone=\u00a0\u00bb24px\u00a0\u00bb header_font_size_last_edited=\u00a0\u00bbon|phone\u00a0\u00bb border_radii=\u00a0\u00bbon|20px|20px|20px|20px\u00a0\u00bb global_colors_info=\u00a0\u00bb{}\u00a0\u00bb]Que vous cherchiez du coaching pour vous-m\u00eame ou pour quelqu\u2019un dans votre organisation, envoyez-nous un courriel et nous vous r\u00e9pondrons d\u00e8s que possible.[\/et_pb_cta][\/et_pb_column][\/et_pb_row][\/et_pb_section]\n","protected":false},"excerpt":{"rendered":"<p>(balado en anglais)Symposium Women\u2019s Powership 2025 \u00e0 Montr\u00e9al <div class=\"rl-gallery-container rl-loading\" id=\"rl-gallery-container-2\" data-gallery_id=\"2677\"> <div class=\"rl-gallery rl-basicmasonry-gallery \" id=\"rl-gallery-2\" data-gallery_no=\"2\"> <div class=\"rl-gutter-sizer\"><\/div><div class=\"rl-grid-sizer\"><\/div> <div class=\"rl-gallery-item rl-gallery-item-width-4\" > <div class=\"rl-gallery-item-content\"> <a href=\"https:\/\/gloriacoach.com\/wp-content\/uploads\/2025\/09\/B145E584-25FC-48AC-852C-45BAA4302B5B_1_105_c-1024x683.jpeg\" title=\"\" data-rl_title=\"\" class=\"rl-gallery-link\" data-rl_caption=\"\" data-rel=\"lightbox-gallery-2\" data-magnific_type=\"gallery\"><img loading=\"lazy\" decoding=\"async\" src=\"https:\/\/gloriacoach.com\/wp-content\/uploads\/2025\/09\/B145E584-25FC-48AC-852C-45BAA4302B5B_1_105_c-1024x683.jpeg\" width=\"1024\" height=\"683\" alt=\"\" \/><\/a> <\/div> <\/div> <div class=\"rl-gallery-item\" > <div class=\"rl-gallery-item-content\"> <a href=\"https:\/\/gloriacoach.com\/wp-content\/uploads\/2025\/09\/ABB5A74C-0845-4EB0-9133-2255DFAB445A_1_105_c-1024x683.jpeg\" title=\"\" data-rl_title=\"\" class=\"rl-gallery-link\" data-rl_caption=\"\" data-rel=\"lightbox-gallery-2\" data-magnific_type=\"gallery\"><img loading=\"lazy\" decoding=\"async\" src=\"https:\/\/gloriacoach.com\/wp-content\/uploads\/2025\/09\/ABB5A74C-0845-4EB0-9133-2255DFAB445A_1_105_c-1024x683.jpeg\" width=\"1024\" height=\"683\" alt=\"\" \/><\/a> <\/div> <\/div> <div class=\"rl-gallery-item\" > <div class=\"rl-gallery-item-content\"> <a href=\"https:\/\/gloriacoach.com\/wp-content\/uploads\/2025\/09\/9CBD6CC5-7944-4BA6-8545-1EFCF3212B97_1_105_c-683x1024.jpeg\" title=\"\" data-rl_title=\"\" class=\"rl-gallery-link\" data-rl_caption=\"\" data-rel=\"lightbox-gallery-2\" data-magnific_type=\"gallery\"><img loading=\"lazy\" decoding=\"async\" src=\"https:\/\/gloriacoach.com\/wp-content\/uploads\/2025\/09\/9CBD6CC5-7944-4BA6-8545-1EFCF3212B97_1_105_c-683x1024.jpeg\" width=\"683\" height=\"1024\" alt=\"\" \/><\/a> <\/div> <\/div> <div class=\"rl-gallery-item\" > <div class=\"rl-gallery-item-content\"> <a href=\"https:\/\/gloriacoach.com\/wp-content\/uploads\/2025\/09\/A0AA9034-A430-4B2A-AC31-03C8B0596E37_1_105_c-1024x683.jpeg\" title=\"\" data-rl_title=\"\" class=\"rl-gallery-link\" data-rl_caption=\"\" data-rel=\"lightbox-gallery-2\" data-magnific_type=\"gallery\"><img loading=\"lazy\" decoding=\"async\" src=\"https:\/\/gloriacoach.com\/wp-content\/uploads\/2025\/09\/A0AA9034-A430-4B2A-AC31-03C8B0596E37_1_105_c-1024x683.jpeg\" width=\"1024\" height=\"683\" alt=\"\" \/><\/a> <\/div> <\/div> <div class=\"rl-gallery-item\" > <div class=\"rl-gallery-item-content\"> <a href=\"https:\/\/gloriacoach.com\/wp-content\/uploads\/2025\/09\/76006B9B-FBF4-4807-91E8-7384CE16DD13_1_201_a-1024x990.jpeg\" title=\"\" data-rl_title=\"\" class=\"rl-gallery-link\" data-rl_caption=\"\" data-rel=\"lightbox-gallery-2\" data-magnific_type=\"gallery\"><img loading=\"lazy\" decoding=\"async\" src=\"https:\/\/gloriacoach.com\/wp-content\/uploads\/2025\/09\/76006B9B-FBF4-4807-91E8-7384CE16DD13_1_201_a-1024x990.jpeg\" width=\"1024\" height=\"990\" alt=\"\" \/><\/a> <\/div> <\/div> <div class=\"rl-gallery-item\" > <div class=\"rl-gallery-item-content\"> <a href=\"https:\/\/gloriacoach.com\/wp-content\/uploads\/2025\/09\/7B28CB2B-80F0-4F24-8E26-4E7B8DAC2B3B_1_105_c-1024x683.jpeg\" title=\"\" data-rl_title=\"\" class=\"rl-gallery-link\" data-rl_caption=\"\" data-rel=\"lightbox-gallery-2\" data-magnific_type=\"gallery\"><img loading=\"lazy\" decoding=\"async\" src=\"https:\/\/gloriacoach.com\/wp-content\/uploads\/2025\/09\/7B28CB2B-80F0-4F24-8E26-4E7B8DAC2B3B_1_105_c-1024x683.jpeg\" width=\"1024\" height=\"683\" alt=\"\" \/><\/a> <\/div> <\/div> <\/div> <\/div>Que vous cherchiez du coaching pour vous-m\u00eame ou pour quelqu\u2019un dans votre organisation, envoyez-nous un courriel et nous vous r\u00e9pondrons d\u00e8s que possible.<\/p>\n","protected":false},"author":1,"featured_media":0,"parent":0,"menu_order":0,"comment_status":"closed","ping_status":"closed","template":"","meta":{"_et_pb_use_builder":"on","_et_pb_old_content":"","_et_gb_content_width":"","om_disable_all_campaigns":false,"_monsterinsights_skip_tracking":false,"_monsterinsights_sitenote_active":false,"_monsterinsights_sitenote_note":"","_monsterinsights_sitenote_category":0,"footnotes":""},"class_list":["post-2699","page","type-page","status-publish","hentry"],"yoast_head":"<!-- This site is optimized with the Yoast SEO plugin v27.0 - https:\/\/yoast.com\/product\/yoast-seo-wordpress\/ -->\n<title>Pr\u00e9sent\u00e9 dans - Gloria<\/title>\n<meta name=\"robots\" content=\"index, follow, max-snippet:-1, max-image-preview:large, max-video-preview:-1\" \/>\n<link rel=\"canonical\" href=\"https:\/\/gloriacoach.com\/fr\/presente-dans\/\" \/>\n<meta property=\"og:locale\" content=\"fr_FR\" \/>\n<meta property=\"og:type\" content=\"article\" \/>\n<meta property=\"og:title\" content=\"Pr\u00e9sent\u00e9 dans - Gloria\" \/>\n<meta property=\"og:description\" content=\"(balado en anglais)Symposium Women\u2019s Powership 2025 \u00e0 Montr\u00e9al Que vous cherchiez du coaching pour vous-m\u00eame ou pour quelqu\u2019un dans votre organisation, envoyez-nous un courriel et nous vous r\u00e9pondrons d\u00e8s que possible.\" \/>\n<meta property=\"og:url\" content=\"https:\/\/gloriacoach.com\/fr\/presente-dans\/\" \/>\n<meta property=\"og:site_name\" content=\"Gloria\" \/>\n<meta property=\"article:modified_time\" content=\"2025-11-20T17:44:12+00:00\" \/>\n<meta property=\"og:image\" content=\"https:\/\/gloriacoach.com\/wp-content\/uploads\/2024\/06\/cropped-icon-G.png\" \/>\n\t<meta property=\"og:image:width\" content=\"512\" \/>\n\t<meta property=\"og:image:height\" content=\"512\" \/>\n\t<meta property=\"og:image:type\" content=\"image\/png\" \/>\n<meta name=\"twitter:card\" content=\"summary_large_image\" \/>\n<meta name=\"twitter:label1\" content=\"Dur\u00e9e de lecture estim\u00e9e\" \/>\n\t<meta name=\"twitter:data1\" content=\"2 minutes\" \/>\n<script type=\"application\/ld+json\" class=\"yoast-schema-graph\">{\"@context\":\"https:\/\/schema.org\",\"@graph\":[{\"@type\":\"WebPage\",\"@id\":\"https:\/\/gloriacoach.com\/fr\/presente-dans\/\",\"url\":\"https:\/\/gloriacoach.com\/fr\/presente-dans\/\",\"name\":\"Pr\u00e9sent\u00e9 dans - Gloria\",\"isPartOf\":{\"@id\":\"https:\/\/gloriacoach.com\/fr\/#website\"},\"datePublished\":\"2025-09-17T20:15:06+00:00\",\"dateModified\":\"2025-11-20T17:44:12+00:00\",\"breadcrumb\":{\"@id\":\"https:\/\/gloriacoach.com\/fr\/presente-dans\/#breadcrumb\"},\"inLanguage\":\"fr-FR\",\"potentialAction\":[{\"@type\":\"ReadAction\",\"target\":[\"https:\/\/gloriacoach.com\/fr\/presente-dans\/\"]}]},{\"@type\":\"BreadcrumbList\",\"@id\":\"https:\/\/gloriacoach.com\/fr\/presente-dans\/#breadcrumb\",\"itemListElement\":[{\"@type\":\"ListItem\",\"position\":1,\"name\":\"Home\",\"item\":\"https:\/\/gloriacoach.com\/fr\/\"},{\"@type\":\"ListItem\",\"position\":2,\"name\":\"Pr\u00e9sent\u00e9 dans\"}]},{\"@type\":\"WebSite\",\"@id\":\"https:\/\/gloriacoach.com\/fr\/#website\",\"url\":\"https:\/\/gloriacoach.com\/fr\/\",\"name\":\"Gloria\",\"description\":\"Coaching at the intersection of leadership and women\u2019s health\",\"publisher\":{\"@id\":\"https:\/\/gloriacoach.com\/fr\/#organization\"},\"potentialAction\":[{\"@type\":\"SearchAction\",\"target\":{\"@type\":\"EntryPoint\",\"urlTemplate\":\"https:\/\/gloriacoach.com\/fr\/?s={search_term_string}\"},\"query-input\":{\"@type\":\"PropertyValueSpecification\",\"valueRequired\":true,\"valueName\":\"search_term_string\"}}],\"inLanguage\":\"fr-FR\"},{\"@type\":\"Organization\",\"@id\":\"https:\/\/gloriacoach.com\/fr\/#organization\",\"name\":\"Gloria\",\"url\":\"https:\/\/gloriacoach.com\/fr\/\",\"logo\":{\"@type\":\"ImageObject\",\"inLanguage\":\"fr-FR\",\"@id\":\"https:\/\/gloriacoach.com\/fr\/#\/schema\/logo\/image\/\",\"url\":\"https:\/\/gloriacoach.com\/wp-content\/uploads\/2024\/06\/cropped-icon-G.png\",\"contentUrl\":\"https:\/\/gloriacoach.com\/wp-content\/uploads\/2024\/06\/cropped-icon-G.png\",\"width\":512,\"height\":512,\"caption\":\"Gloria\"},\"image\":{\"@id\":\"https:\/\/gloriacoach.com\/fr\/#\/schema\/logo\/image\/\"}}]}<\/script>\n<!-- \/ Yoast SEO plugin. -->","yoast_head_json":{"title":"Pr\u00e9sent\u00e9 dans - Gloria","robots":{"index":"index","follow":"follow","max-snippet":"max-snippet:-1","max-image-preview":"max-image-preview:large","max-video-preview":"max-video-preview:-1"},"canonical":"https:\/\/gloriacoach.com\/fr\/presente-dans\/","og_locale":"fr_FR","og_type":"article","og_title":"Pr\u00e9sent\u00e9 dans - Gloria","og_description":"(balado en anglais)Symposium Women\u2019s Powership 2025 \u00e0 Montr\u00e9al Que vous cherchiez du coaching pour vous-m\u00eame ou pour quelqu\u2019un dans votre organisation, envoyez-nous un courriel et nous vous r\u00e9pondrons d\u00e8s que possible.","og_url":"https:\/\/gloriacoach.com\/fr\/presente-dans\/","og_site_name":"Gloria","article_modified_time":"2025-11-20T17:44:12+00:00","og_image":[{"width":512,"height":512,"url":"https:\/\/gloriacoach.com\/wp-content\/uploads\/2024\/06\/cropped-icon-G.png","type":"image\/png"}],"twitter_card":"summary_large_image","twitter_misc":{"Dur\u00e9e de lecture estim\u00e9e":"2 minutes"},"schema":{"@context":"https:\/\/schema.org","@graph":[{"@type":"WebPage","@id":"https:\/\/gloriacoach.com\/fr\/presente-dans\/","url":"https:\/\/gloriacoach.com\/fr\/presente-dans\/","name":"Pr\u00e9sent\u00e9 dans - Gloria","isPartOf":{"@id":"https:\/\/gloriacoach.com\/fr\/#website"},"datePublished":"2025-09-17T20:15:06+00:00","dateModified":"2025-11-20T17:44:12+00:00","breadcrumb":{"@id":"https:\/\/gloriacoach.com\/fr\/presente-dans\/#breadcrumb"},"inLanguage":"fr-FR","potentialAction":[{"@type":"ReadAction","target":["https:\/\/gloriacoach.com\/fr\/presente-dans\/"]}]},{"@type":"BreadcrumbList","@id":"https:\/\/gloriacoach.com\/fr\/presente-dans\/#breadcrumb","itemListElement":[{"@type":"ListItem","position":1,"name":"Home","item":"https:\/\/gloriacoach.com\/fr\/"},{"@type":"ListItem","position":2,"name":"Pr\u00e9sent\u00e9 dans"}]},{"@type":"WebSite","@id":"https:\/\/gloriacoach.com\/fr\/#website","url":"https:\/\/gloriacoach.com\/fr\/","name":"Gloria","description":"Coaching at the intersection of leadership and women\u2019s health","publisher":{"@id":"https:\/\/gloriacoach.com\/fr\/#organization"},"potentialAction":[{"@type":"SearchAction","target":{"@type":"EntryPoint","urlTemplate":"https:\/\/gloriacoach.com\/fr\/?s={search_term_string}"},"query-input":{"@type":"PropertyValueSpecification","valueRequired":true,"valueName":"search_term_string"}}],"inLanguage":"fr-FR"},{"@type":"Organization","@id":"https:\/\/gloriacoach.com\/fr\/#organization","name":"Gloria","url":"https:\/\/gloriacoach.com\/fr\/","logo":{"@type":"ImageObject","inLanguage":"fr-FR","@id":"https:\/\/gloriacoach.com\/fr\/#\/schema\/logo\/image\/","url":"https:\/\/gloriacoach.com\/wp-content\/uploads\/2024\/06\/cropped-icon-G.png","contentUrl":"https:\/\/gloriacoach.com\/wp-content\/uploads\/2024\/06\/cropped-icon-G.png","width":512,"height":512,"caption":"Gloria"},"image":{"@id":"https:\/\/gloriacoach.com\/fr\/#\/schema\/logo\/image\/"}}]}},"_links":{"self":[{"href":"https:\/\/gloriacoach.com\/fr\/wp-json\/wp\/v2\/pages\/2699","targetHints":{"allow":["GET"]}}],"collection":[{"href":"https:\/\/gloriacoach.com\/fr\/wp-json\/wp\/v2\/pages"}],"about":[{"href":"https:\/\/gloriacoach.com\/fr\/wp-json\/wp\/v2\/types\/page"}],"author":[{"embeddable":true,"href":"https:\/\/gloriacoach.com\/fr\/wp-json\/wp\/v2\/users\/1"}],"replies":[{"embeddable":true,"href":"https:\/\/gloriacoach.com\/fr\/wp-json\/wp\/v2\/comments?post=2699"}],"version-history":[{"count":4,"href":"https:\/\/gloriacoach.com\/fr\/wp-json\/wp\/v2\/pages\/2699\/revisions"}],"predecessor-version":[{"id":2726,"href":"https:\/\/gloriacoach.com\/fr\/wp-json\/wp\/v2\/pages\/2699\/revisions\/2726"}],"wp:attachment":[{"href":"https:\/\/gloriacoach.com\/fr\/wp-json\/wp\/v2\/media?parent=2699"}],"curies":[{"name":"wp","href":"https:\/\/api.w.org\/{rel}","templated":true}]}}